{"id":8,"date":"2025-06-25T10:31:44","date_gmt":"2025-06-25T10:31:44","guid":{"rendered":"https:\/\/nihilej.com\/index.php\/cart\/"},"modified":"2025-09-17T06:39:22","modified_gmt":"2025-09-17T06:39:22","slug":"cart","status":"publish","type":"page","link":"https:\/\/nihilej.com\/en\/cart\/","title":{"rendered":"CHART"},"content":{"rendered":"<div data-block-name=\"woocommerce\/cart\" class=\"wp-block-woocommerce-cart alignwide is-loading\">\n<div data-block-name=\"woocommerce\/filled-cart-block\" class=\"wp-block-woocommerce-filled-cart-block\">\n<div data-block-name=\"woocommerce\/cart-items-block\" class=\"wp-block-woocommerce-cart-items-block\">\n<div data-block-name=\"woocommerce\/cart-line-items-block\" class=\"wp-block-woocommerce-cart-line-items-block\"><\/div>\n\n\n\n<div data-block-name=\"woocommerce\/cart-cross-sells-block\" class=\"wp-block-woocommerce-cart-cross-sells-block\">\n<p class=\"\"><\/p>\n\n\n\n<div data-block-name=\"woocommerce\/cart-cross-sells-products-block\" class=\"wp-block-woocommerce-cart-cross-sells-products-block\"><\/div>\n<\/div>\n<\/div>\n\n\n\n<div data-block-name=\"woocommerce\/cart-totals-block\" class=\"wp-block-woocommerce-cart-totals-block\">\n<div data-block-name=\"woocommerce\/cart-order-summary-block\" class=\"wp-block-woocommerce-cart-order-summary-block\">\n<div data-block-name=\"woocommerce\/cart-order-summary-heading-block\" class=\"wp-block-woocommerce-cart-order-summary-heading-block\"><\/div>\n\n\n\n<div data-block-name=\"woocommerce\/cart-order-summary-coupon-form-block\" class=\"wp-block-woocommerce-cart-order-summary-coupon-form-block\"><\/div>\n\n\n\n<div data-block-name=\"woocommerce\/cart-order-summary-totals-block\" class=\"wp-block-woocommerce-cart-order-summary-totals-block\">\n<div data-block-name=\"woocommerce\/cart-order-summary-subtotal-block\" class=\"wp-block-woocommerce-cart-order-summary-subtotal-block\"><\/div>\n\n\n\n<div data-block-name=\"woocommerce\/cart-order-summary-fee-block\" class=\"wp-block-woocommerce-cart-order-summary-fee-block\"><\/div>\n\n\n\n<div data-block-name=\"woocommerce\/cart-order-summary-discount-block\" class=\"wp-block-woocommerce-cart-order-summary-discount-block\"><\/div>\n\n\n\n<div data-block-name=\"woocommerce\/cart-order-summary-shipping-block\" class=\"wp-block-woocommerce-cart-order-summary-shipping-block\"><\/div>\n\n\n\n<div data-block-name=\"woocommerce\/cart-order-summary-taxes-block\" class=\"wp-block-woocommerce-cart-order-summary-taxes-block\"><\/div>\n<\/div>\n<\/div>\n\n\n\n<div data-block-name=\"woocommerce\/cart-express-payment-block\" class=\"wp-block-woocommerce-cart-express-payment-block\"><\/div>\n\n\n\n<div data-block-name=\"woocommerce\/proceed-to-checkout-block\" data-button-label=\"Nastavite na plac\u0301anje\" class=\"wp-block-woocommerce-proceed-to-checkout-block\"><\/div>\n\n\n\n<div data-block-name=\"woocommerce\/cart-accepted-payment-methods-block\" class=\"wp-block-woocommerce-cart-accepted-payment-methods-block\"><\/div>\n<\/div>\n<\/div>\n\n\n\n<div data-block-name=\"woocommerce\/empty-cart-block\" class=\"wp-block-woocommerce-empty-cart-block\">\n<h2 class=\"wp-block-heading has-text-align-center with-empty-cart-icon wc-block-cart__empty-cart__title\" id=\"your-cart-is-currently-empty\">Your cart is currently empty!<\/h2>\n\n\n\n<hr class=\"wp-block-separator has-alpha-channel-opacity is-style-dots\"\/>\n\n\n\n<h2 class=\"wp-block-heading has-text-align-center\" id=\"new-in-store\">New in store<\/h2>\n\n\n<div data-block-name=\"woocommerce\/product-new\" data-columns=\"4\" data-rows=\"1\" class=\"wc-block-grid wp-block-product-new wp-block-woocommerce-product-new wc-block-product-new has-4-columns\"><ul class=\"wc-block-grid__products\"><li class=\"wc-block-grid__product\">\n\t\t\t\t<a href=\"https:\/\/nihilej.com\/en\/product\/t-shirt-sisyphus-labor\/\" class=\"wc-block-grid__product-link\">\n\t\t\t\t\t\n\t\t\t\t\t<div class=\"wc-block-grid__product-image\"><img fetchpriority=\"high\" decoding=\"async\" width=\"480\" height=\"671\" src=\"https:\/\/nihilej.com\/wp-content\/uploads\/2026\/01\/MAJICA-ZA-ISPRAVKU.png\" class=\"attachment-woocommerce_thumbnail size-woocommerce_thumbnail\" alt=\"T-SHIRT - SIZIF\" srcset=\"https:\/\/nihilej.com\/wp-content\/uploads\/2026\/01\/MAJICA-ZA-ISPRAVKU.png 480w, https:\/\/nihilej.com\/wp-content\/uploads\/2026\/01\/MAJICA-ZA-ISPRAVKU-215x300.png 215w, https:\/\/nihilej.com\/wp-content\/uploads\/2026\/01\/MAJICA-ZA-ISPRAVKU-9x12.png 9w\" sizes=\"(max-width: 480px) 100vw, 480px\" \/><\/div>\n\t\t\t\t\t<div class=\"wc-block-grid__product-title\">T-SHIRT \u2013 Sisyphus<\/div>\n\t\t\t\t<\/a>\n\t\t\t\t<div class=\"wc-block-grid__product-price price\"><\/div>\n\t\t\t\t\n\t\t\t\t<div class=\"wp-block-button wc-block-grid__product-add-to-cart\"><a href=\"https:\/\/nihilej.com\/en\/product\/t-shirt-sisyphus-labor\/\" aria-label=\"Read more about \u201cT-SHIRT - SIZIF\u201d\" data-quantity=\"1\" data-product_id=\"856\" data-product_sku=\"\" data-price=\"0\" rel=\"nofollow\" class=\"wp-block-button__link wp-element-button add_to_cart_button\" data-no-translation-aria-label=\"\">Add to chart<\/a><\/div>\n\t\t\t<\/li><li class=\"wc-block-grid__product\">\n\t\t\t\t<a href=\"https:\/\/nihilej.com\/en\/product\/t-shirt-mango\/\" class=\"wc-block-grid__product-link\">\n\t\t\t\t\t\n\t\t\t\t\t<div class=\"wc-block-grid__product-image\"><img decoding=\"async\" width=\"480\" height=\"671\" src=\"https:\/\/nihilej.com\/wp-content\/uploads\/2026\/01\/NIHILEJ-MAJICA-1.1.png\" class=\"attachment-woocommerce_thumbnail size-woocommerce_thumbnail\" alt=\"T-SHIRT - PRINCIPI\" srcset=\"https:\/\/nihilej.com\/wp-content\/uploads\/2026\/01\/NIHILEJ-MAJICA-1.1.png 480w, https:\/\/nihilej.com\/wp-content\/uploads\/2026\/01\/NIHILEJ-MAJICA-1.1-215x300.png 215w, https:\/\/nihilej.com\/wp-content\/uploads\/2026\/01\/NIHILEJ-MAJICA-1.1-9x12.png 9w\" sizes=\"(max-width: 480px) 100vw, 480px\" \/><\/div>\n\t\t\t\t\t<div class=\"wc-block-grid__product-title\">T-SHIRT \u2013 PRINCIPLES<\/div>\n\t\t\t\t<\/a>\n\t\t\t\t<div class=\"wc-block-grid__product-price price\"><\/div>\n\t\t\t\t\n\t\t\t\t<div class=\"wp-block-button wc-block-grid__product-add-to-cart\"><a href=\"https:\/\/nihilej.com\/en\/product\/t-shirt-mango\/\" aria-label=\"Read more about \u201cT-SHIRT - PRINCIPI\u201d\" data-quantity=\"1\" data-product_id=\"854\" data-product_sku=\"\" data-price=\"0\" rel=\"nofollow\" class=\"wp-block-button__link wp-element-button add_to_cart_button\" data-no-translation-aria-label=\"\">Add to chart<\/a><\/div>\n\t\t\t<\/li><li class=\"wc-block-grid__product\">\n\t\t\t\t<a href=\"https:\/\/nihilej.com\/en\/product\/t-shirt-the-renaissance-of-other-peoples-desires\/\" class=\"wc-block-grid__product-link\">\n\t\t\t\t\t\n\t\t\t\t\t<div class=\"wc-block-grid__product-image\"><img decoding=\"async\" width=\"480\" height=\"671\" src=\"https:\/\/nihilej.com\/wp-content\/uploads\/2026\/01\/NIHILEJ-MAJICA-2.2.png\" class=\"attachment-woocommerce_thumbnail size-woocommerce_thumbnail\" alt=\"T-SHIRT - RENESANSA\" srcset=\"https:\/\/nihilej.com\/wp-content\/uploads\/2026\/01\/NIHILEJ-MAJICA-2.2.png 480w, https:\/\/nihilej.com\/wp-content\/uploads\/2026\/01\/NIHILEJ-MAJICA-2.2-215x300.png 215w, https:\/\/nihilej.com\/wp-content\/uploads\/2026\/01\/NIHILEJ-MAJICA-2.2-9x12.png 9w\" sizes=\"(max-width: 480px) 100vw, 480px\" \/><\/div>\n\t\t\t\t\t<div class=\"wc-block-grid__product-title\">T-SHIRT \u2013 RENAISSANCE<\/div>\n\t\t\t\t<\/a>\n\t\t\t\t<div class=\"wc-block-grid__product-price price\"><\/div>\n\t\t\t\t\n\t\t\t\t<div class=\"wp-block-button wc-block-grid__product-add-to-cart\"><a href=\"https:\/\/nihilej.com\/en\/product\/t-shirt-the-renaissance-of-other-peoples-desires\/\" aria-label=\"Read more about \u201cT-SHIRT - RENESANSA\u201d\" data-quantity=\"1\" data-product_id=\"852\" data-product_sku=\"\" data-price=\"0\" rel=\"nofollow\" class=\"wp-block-button__link wp-element-button add_to_cart_button\" data-no-translation-aria-label=\"\">Add to chart<\/a><\/div>\n\t\t\t<\/li><li class=\"wc-block-grid__product\">\n\t\t\t\t<a href=\"https:\/\/nihilej.com\/en\/product\/ginovske-esecnije-zacini\/\" class=\"wc-block-grid__product-link\">\n\t\t\t\t\t\n\t\t\t\t\t<div class=\"wc-block-grid__product-image\"><img loading=\"lazy\" decoding=\"async\" width=\"768\" height=\"800\" src=\"https:\/\/nihilej.com\/wp-content\/uploads\/2026\/01\/1768996686671-768x800.png\" class=\"attachment-woocommerce_thumbnail size-woocommerce_thumbnail\" alt=\"&quot;GINOVSKE ESECNIJE&quot; - ZA\u010cINI\" \/><\/div>\n\t\t\t\t\t<div class=\"wc-block-grid__product-title\">\"Gin Essences\" \u2013 SPICES<\/div>\n\t\t\t\t<\/a>\n\t\t\t\t<div class=\"wc-block-grid__product-price price\"><span class=\"woocommerce-Price-amount amount\">500&nbsp;<span class=\"woocommerce-Price-currencySymbol\">RSD<\/span><\/span><\/div>\n\t\t\t\t\n\t\t\t\t<div class=\"wp-block-button wc-block-grid__product-add-to-cart\"><a href=\"\/en\/wp-json\/wp\/v2\/pages\/8?add-to-cart=843\" aria-label=\"Add to cart: \u201c&quot;GINOVSKE ESECNIJE&quot; - ZA\u010cINI\u201d\" data-quantity=\"1\" data-product_id=\"843\" data-product_sku=\"\" data-price=\"500\" rel=\"nofollow\" class=\"wp-block-button__link wp-element-button add_to_cart_button ajax_add_to_cart\" data-no-translation-aria-label=\"\">Add to chart<\/a><\/div>\n\t\t\t<\/li><\/ul><\/div><\/div>\n<\/div>","protected":false},"excerpt":{"rendered":"","protected":false},"author":1,"featured_media":0,"parent":0,"menu_order":0,"comment_status":"closed","ping_status":"closed","template":"","meta":{"_gspb_post_css":"","_uag_custom_page_level_css":"","_advanced_animation_props":"","_advanced_custom_css":"","footnotes":""},"class_list":["post-8","page","type-page","status-publish","hentry"],"yoast_head":"<!-- This site is optimized with the Yoast SEO plugin v27.3 - https:\/\/yoast.com\/product\/yoast-seo-wordpress\/ -->\n<title>Korpa - Nihilej<\/title>\n<meta name=\"description\" content=\"Nihilej gin slu\u017ei svojstvenu esencijalnost botani\u010dke kompleksnosti, izdovjenu u razli\u010ditoj osnovi, pripremi, i tehnologiji destilovanja. Smatram da svaka odabrana kap ima potrebu da jo\u0161 jednom osvedo\u010di bogatstvom, sada u zadatku nove forme koju zahteva Nihilej savremeni gin.\" \/>\n<meta name=\"robots\" content=\"index, follow, max-snippet:-1, max-image-preview:large, max-video-preview:-1\" \/>\n<link rel=\"canonical\" href=\"https:\/\/nihilej.com\/en\/cart\/\" \/>\n<meta property=\"og:locale\" content=\"en_US\" \/>\n<meta property=\"og:type\" content=\"article\" \/>\n<meta property=\"og:title\" content=\"Korpa - Nihilej\" \/>\n<meta property=\"og:description\" content=\"Nihilej gin slu\u017ei svojstvenu esencijalnost botani\u010dke kompleksnosti, izdovjenu u razli\u010ditoj osnovi, pripremi, i tehnologiji destilovanja. Smatram da svaka odabrana kap ima potrebu da jo\u0161 jednom osvedo\u010di bogatstvom, sada u zadatku nove forme koju zahteva Nihilej savremeni gin.\" \/>\n<meta property=\"og:url\" content=\"https:\/\/nihilej.com\/en\/cart\/\" \/>\n<meta property=\"og:site_name\" content=\"Nihilej\" \/>\n<meta property=\"article:modified_time\" content=\"2025-09-17T06:39:22+00:00\" \/>\n<meta property=\"og:image\" content=\"https:\/\/nihilej.com\/wp-content\/uploads\/2025\/09\/Logo_samo-naziv-04.png\" \/>\n\t<meta property=\"og:image:width\" content=\"2302\" \/>\n\t<meta property=\"og:image:height\" content=\"1131\" \/>\n\t<meta property=\"og:image:type\" content=\"image\/png\" \/>\n<meta name=\"twitter:card\" content=\"summary_large_image\" \/>\n<script type=\"application\/ld+json\" class=\"yoast-schema-graph\">{\"@context\":\"https:\\\/\\\/schema.org\",\"@graph\":[{\"@type\":\"WebPage\",\"@id\":\"https:\\\/\\\/nihilej.com\\\/en\\\/cart\\\/\",\"url\":\"https:\\\/\\\/nihilej.com\\\/en\\\/cart\\\/\",\"name\":\"Korpa - Nihilej\",\"isPartOf\":{\"@id\":\"https:\\\/\\\/nihilej.com\\\/#website\"},\"datePublished\":\"2025-06-25T10:31:44+00:00\",\"dateModified\":\"2025-09-17T06:39:22+00:00\",\"description\":\"Nihilej gin slu\u017ei svojstvenu esencijalnost botani\u010dke kompleksnosti, izdovjenu u razli\u010ditoj osnovi, pripremi, i tehnologiji destilovanja. Smatram da svaka odabrana kap ima potrebu da jo\u0161 jednom osvedo\u010di bogatstvom, sada u zadatku nove forme koju zahteva Nihilej savremeni gin.\",\"breadcrumb\":{\"@id\":\"https:\\\/\\\/nihilej.com\\\/en\\\/cart\\\/#breadcrumb\"},\"inLanguage\":\"en-US\",\"potentialAction\":[{\"@type\":\"ReadAction\",\"target\":[\"https:\\\/\\\/nihilej.com\\\/en\\\/cart\\\/\"]}]},{\"@type\":\"BreadcrumbList\",\"@id\":\"https:\\\/\\\/nihilej.com\\\/en\\\/cart\\\/#breadcrumb\",\"itemListElement\":[{\"@type\":\"ListItem\",\"position\":1,\"name\":\"Home\",\"item\":\"https:\\\/\\\/nihilej.com\\\/\"},{\"@type\":\"ListItem\",\"position\":2,\"name\":\"Korpa\"}]},{\"@type\":\"WebSite\",\"@id\":\"https:\\\/\\\/nihilej.com\\\/#website\",\"url\":\"https:\\\/\\\/nihilej.com\\\/\",\"name\":\"Nihilej\",\"description\":\"NIHILEJ - POETIC SPIRITS\",\"publisher\":{\"@id\":\"https:\\\/\\\/nihilej.com\\\/#organization\"},\"alternateName\":\"NIHILEJ - POETIC SPIRITS\",\"potentialAction\":[{\"@type\":\"SearchAction\",\"target\":{\"@type\":\"EntryPoint\",\"urlTemplate\":\"https:\\\/\\\/nihilej.com\\\/?s={search_term_string}\"},\"query-input\":{\"@type\":\"PropertyValueSpecification\",\"valueRequired\":true,\"valueName\":\"search_term_string\"}}],\"inLanguage\":\"en-US\"},{\"@type\":\"Organization\",\"@id\":\"https:\\\/\\\/nihilej.com\\\/#organization\",\"name\":\"Nihilej\",\"alternateName\":\"NIHILEJ - POETIC SPIRITS\",\"url\":\"https:\\\/\\\/nihilej.com\\\/\",\"logo\":{\"@type\":\"ImageObject\",\"inLanguage\":\"en-US\",\"@id\":\"https:\\\/\\\/nihilej.com\\\/#\\\/schema\\\/logo\\\/image\\\/\",\"url\":\"https:\\\/\\\/nihilej.com\\\/wp-content\\\/uploads\\\/2025\\\/09\\\/Logo-01-scaled.png\",\"contentUrl\":\"https:\\\/\\\/nihilej.com\\\/wp-content\\\/uploads\\\/2025\\\/09\\\/Logo-01-scaled.png\",\"width\":2560,\"height\":2560,\"caption\":\"Nihilej\"},\"image\":{\"@id\":\"https:\\\/\\\/nihilej.com\\\/#\\\/schema\\\/logo\\\/image\\\/\"},\"sameAs\":[\"https:\\\/\\\/www.instagram.com\\\/nihilej\\\/\"]}]}<\/script>\n<!-- \/ Yoast SEO plugin. -->","yoast_head_json":{"title":"Korpa - Nihilej","description":"Nihilej gin slu\u017ei svojstvenu esencijalnost botani\u010dke kompleksnosti, izdovjenu u razli\u010ditoj osnovi, pripremi, i tehnologiji destilovanja. Smatram da svaka odabrana kap ima potrebu da jo\u0161 jednom osvedo\u010di bogatstvom, sada u zadatku nove forme koju zahteva Nihilej savremeni gin.","robots":{"index":"index","follow":"follow","max-snippet":"max-snippet:-1","max-image-preview":"max-image-preview:large","max-video-preview":"max-video-preview:-1"},"canonical":"https:\/\/nihilej.com\/en\/cart\/","og_locale":"en_US","og_type":"article","og_title":"Korpa - Nihilej","og_description":"Nihilej gin slu\u017ei svojstvenu esencijalnost botani\u010dke kompleksnosti, izdovjenu u razli\u010ditoj osnovi, pripremi, i tehnologiji destilovanja. Smatram da svaka odabrana kap ima potrebu da jo\u0161 jednom osvedo\u010di bogatstvom, sada u zadatku nove forme koju zahteva Nihilej savremeni gin.","og_url":"https:\/\/nihilej.com\/en\/cart\/","og_site_name":"Nihilej","article_modified_time":"2025-09-17T06:39:22+00:00","og_image":[{"width":2302,"height":1131,"url":"https:\/\/nihilej.com\/wp-content\/uploads\/2025\/09\/Logo_samo-naziv-04.png","type":"image\/png"}],"twitter_card":"summary_large_image","schema":{"@context":"https:\/\/schema.org","@graph":[{"@type":"WebPage","@id":"https:\/\/nihilej.com\/en\/cart\/","url":"https:\/\/nihilej.com\/en\/cart\/","name":"Korpa - Nihilej","isPartOf":{"@id":"https:\/\/nihilej.com\/#website"},"datePublished":"2025-06-25T10:31:44+00:00","dateModified":"2025-09-17T06:39:22+00:00","description":"Nihilej gin slu\u017ei svojstvenu esencijalnost botani\u010dke kompleksnosti, izdovjenu u razli\u010ditoj osnovi, pripremi, i tehnologiji destilovanja. Smatram da svaka odabrana kap ima potrebu da jo\u0161 jednom osvedo\u010di bogatstvom, sada u zadatku nove forme koju zahteva Nihilej savremeni gin.","breadcrumb":{"@id":"https:\/\/nihilej.com\/en\/cart\/#breadcrumb"},"inLanguage":"en-US","potentialAction":[{"@type":"ReadAction","target":["https:\/\/nihilej.com\/en\/cart\/"]}]},{"@type":"BreadcrumbList","@id":"https:\/\/nihilej.com\/en\/cart\/#breadcrumb","itemListElement":[{"@type":"ListItem","position":1,"name":"Home","item":"https:\/\/nihilej.com\/"},{"@type":"ListItem","position":2,"name":"Korpa"}]},{"@type":"WebSite","@id":"https:\/\/nihilej.com\/#website","url":"https:\/\/nihilej.com\/","name":"Nihilej","description":"NIHILEJ - POETIC SPIRITS","publisher":{"@id":"https:\/\/nihilej.com\/#organization"},"alternateName":"NIHILEJ - POETIC SPIRITS","potentialAction":[{"@type":"SearchAction","target":{"@type":"EntryPoint","urlTemplate":"https:\/\/nihilej.com\/?s={search_term_string}"},"query-input":{"@type":"PropertyValueSpecification","valueRequired":true,"valueName":"search_term_string"}}],"inLanguage":"en-US"},{"@type":"Organization","@id":"https:\/\/nihilej.com\/#organization","name":"Nihilej","alternateName":"NIHILEJ - POETIC SPIRITS","url":"https:\/\/nihilej.com\/","logo":{"@type":"ImageObject","inLanguage":"en-US","@id":"https:\/\/nihilej.com\/#\/schema\/logo\/image\/","url":"https:\/\/nihilej.com\/wp-content\/uploads\/2025\/09\/Logo-01-scaled.png","contentUrl":"https:\/\/nihilej.com\/wp-content\/uploads\/2025\/09\/Logo-01-scaled.png","width":2560,"height":2560,"caption":"Nihilej"},"image":{"@id":"https:\/\/nihilej.com\/#\/schema\/logo\/image\/"},"sameAs":["https:\/\/www.instagram.com\/nihilej\/"]}]}},"uagb_featured_image_src":{"full":false,"thumbnail":false,"medium":false,"medium_large":false,"large":false,"1536x1536":false,"2048x2048":false,"trp-custom-language-flag":false,"htmega_size_585x295":false,"htmega_size_1170x536":false,"htmega_size_396x360":false,"woocommerce_thumbnail":false,"woocommerce_single":false,"woocommerce_gallery_thumbnail":false},"uagb_author_info":{"display_name":"admin","author_link":"https:\/\/nihilej.com\/en\/author\/nihilej\/"},"uagb_comment_info":0,"uagb_excerpt":null,"jetpack_sharing_enabled":true,"_links":{"self":[{"href":"https:\/\/nihilej.com\/en\/wp-json\/wp\/v2\/pages\/8","targetHints":{"allow":["GET"]}}],"collection":[{"href":"https:\/\/nihilej.com\/en\/wp-json\/wp\/v2\/pages"}],"about":[{"href":"https:\/\/nihilej.com\/en\/wp-json\/wp\/v2\/types\/page"}],"author":[{"embeddable":true,"href":"https:\/\/nihilej.com\/en\/wp-json\/wp\/v2\/users\/1"}],"replies":[{"embeddable":true,"href":"https:\/\/nihilej.com\/en\/wp-json\/wp\/v2\/comments?post=8"}],"version-history":[{"count":3,"href":"https:\/\/nihilej.com\/en\/wp-json\/wp\/v2\/pages\/8\/revisions"}],"predecessor-version":[{"id":534,"href":"https:\/\/nihilej.com\/en\/wp-json\/wp\/v2\/pages\/8\/revisions\/534"}],"wp:attachment":[{"href":"https:\/\/nihilej.com\/en\/wp-json\/wp\/v2\/media?parent=8"}],"curies":[{"name":"wp","href":"https:\/\/api.w.org\/{rel}","templated":true}]}}