{"id":867,"date":"2026-01-26T09:39:46","date_gmt":"2026-01-26T09:39:46","guid":{"rendered":"https:\/\/nihilej.com\/?page_id=867"},"modified":"2026-01-26T10:11:41","modified_gmt":"2026-01-26T10:11:41","slug":"merch","status":"publish","type":"page","link":"https:\/\/nihilej.com\/en\/merch\/","title":{"rendered":"MERCH"},"content":{"rendered":"","protected":false},"excerpt":{"rendered":"","protected":false},"author":1,"featured_media":0,"parent":0,"menu_order":0,"comment_status":"closed","ping_status":"closed","template":"merch","meta":{"_gspb_post_css":"","_uag_custom_page_level_css":"","_advanced_animation_props":"","_advanced_custom_css":"","footnotes":""},"class_list":["post-867","page","type-page","status-publish","hentry"],"yoast_head":"<!-- This site is optimized with the Yoast SEO plugin v27.3 - https:\/\/yoast.com\/product\/yoast-seo-wordpress\/ -->\n<title>MERCH - Nihilej<\/title>\n<meta name=\"description\" content=\"Nihilej gin slu\u017ei svojstvenu esencijalnost botani\u010dke kompleksnosti, izdovjenu u razli\u010ditoj osnovi, pripremi, i tehnologiji destilovanja. Smatram da svaka odabrana kap ima potrebu da jo\u0161 jednom osvedo\u010di bogatstvom, sada u zadatku nove forme koju zahteva Nihilej savremeni gin.\" \/>\n<meta name=\"robots\" content=\"index, follow, max-snippet:-1, max-image-preview:large, max-video-preview:-1\" \/>\n<link rel=\"canonical\" href=\"https:\/\/nihilej.com\/en\/merch\/\" \/>\n<meta property=\"og:locale\" content=\"en_US\" \/>\n<meta property=\"og:type\" content=\"article\" \/>\n<meta property=\"og:title\" content=\"MERCH - Nihilej\" \/>\n<meta property=\"og:description\" content=\"Nihilej gin slu\u017ei svojstvenu esencijalnost botani\u010dke kompleksnosti, izdovjenu u razli\u010ditoj osnovi, pripremi, i tehnologiji destilovanja. Smatram da svaka odabrana kap ima potrebu da jo\u0161 jednom osvedo\u010di bogatstvom, sada u zadatku nove forme koju zahteva Nihilej savremeni gin.\" \/>\n<meta property=\"og:url\" content=\"https:\/\/nihilej.com\/en\/merch\/\" \/>\n<meta property=\"og:site_name\" content=\"Nihilej\" \/>\n<meta property=\"article:modified_time\" content=\"2026-01-26T10:11:41+00:00\" \/>\n<meta property=\"og:image\" content=\"https:\/\/nihilej.com\/wp-content\/uploads\/2025\/09\/Logo_samo-naziv-04.png\" \/>\n\t<meta property=\"og:image:width\" content=\"2302\" \/>\n\t<meta property=\"og:image:height\" content=\"1131\" \/>\n\t<meta property=\"og:image:type\" content=\"image\/png\" \/>\n<meta name=\"twitter:card\" content=\"summary_large_image\" \/>\n<script type=\"application\/ld+json\" class=\"yoast-schema-graph\">{\"@context\":\"https:\\\/\\\/schema.org\",\"@graph\":[{\"@type\":\"WebPage\",\"@id\":\"https:\\\/\\\/nihilej.com\\\/merch\\\/\",\"url\":\"https:\\\/\\\/nihilej.com\\\/merch\\\/\",\"name\":\"MERCH - Nihilej\",\"isPartOf\":{\"@id\":\"https:\\\/\\\/nihilej.com\\\/#website\"},\"datePublished\":\"2026-01-26T09:39:46+00:00\",\"dateModified\":\"2026-01-26T10:11:41+00:00\",\"description\":\"Nihilej gin slu\u017ei svojstvenu esencijalnost botani\u010dke kompleksnosti, izdovjenu u razli\u010ditoj osnovi, pripremi, i tehnologiji destilovanja. Smatram da svaka odabrana kap ima potrebu da jo\u0161 jednom osvedo\u010di bogatstvom, sada u zadatku nove forme koju zahteva Nihilej savremeni gin.\",\"breadcrumb\":{\"@id\":\"https:\\\/\\\/nihilej.com\\\/merch\\\/#breadcrumb\"},\"inLanguage\":\"en-US\",\"potentialAction\":[{\"@type\":\"ReadAction\",\"target\":[\"https:\\\/\\\/nihilej.com\\\/merch\\\/\"]}]},{\"@type\":\"BreadcrumbList\",\"@id\":\"https:\\\/\\\/nihilej.com\\\/merch\\\/#breadcrumb\",\"itemListElement\":[{\"@type\":\"ListItem\",\"position\":1,\"name\":\"Home\",\"item\":\"https:\\\/\\\/nihilej.com\\\/\"},{\"@type\":\"ListItem\",\"position\":2,\"name\":\"MERCH\"}]},{\"@type\":\"WebSite\",\"@id\":\"https:\\\/\\\/nihilej.com\\\/#website\",\"url\":\"https:\\\/\\\/nihilej.com\\\/\",\"name\":\"Nihilej\",\"description\":\"NIHILEJ - POETIC SPIRITS\",\"publisher\":{\"@id\":\"https:\\\/\\\/nihilej.com\\\/#organization\"},\"alternateName\":\"NIHILEJ - POETIC SPIRITS\",\"potentialAction\":[{\"@type\":\"SearchAction\",\"target\":{\"@type\":\"EntryPoint\",\"urlTemplate\":\"https:\\\/\\\/nihilej.com\\\/?s={search_term_string}\"},\"query-input\":{\"@type\":\"PropertyValueSpecification\",\"valueRequired\":true,\"valueName\":\"search_term_string\"}}],\"inLanguage\":\"en-US\"},{\"@type\":\"Organization\",\"@id\":\"https:\\\/\\\/nihilej.com\\\/#organization\",\"name\":\"Nihilej\",\"alternateName\":\"NIHILEJ - POETIC SPIRITS\",\"url\":\"https:\\\/\\\/nihilej.com\\\/\",\"logo\":{\"@type\":\"ImageObject\",\"inLanguage\":\"en-US\",\"@id\":\"https:\\\/\\\/nihilej.com\\\/#\\\/schema\\\/logo\\\/image\\\/\",\"url\":\"https:\\\/\\\/nihilej.com\\\/wp-content\\\/uploads\\\/2025\\\/09\\\/Logo-01-scaled.png\",\"contentUrl\":\"https:\\\/\\\/nihilej.com\\\/wp-content\\\/uploads\\\/2025\\\/09\\\/Logo-01-scaled.png\",\"width\":2560,\"height\":2560,\"caption\":\"Nihilej\"},\"image\":{\"@id\":\"https:\\\/\\\/nihilej.com\\\/#\\\/schema\\\/logo\\\/image\\\/\"},\"sameAs\":[\"https:\\\/\\\/www.instagram.com\\\/nihilej\\\/\"]}]}<\/script>\n<!-- \/ Yoast SEO plugin. -->","yoast_head_json":{"title":"MERCH - Nihilej","description":"Nihilej gin slu\u017ei svojstvenu esencijalnost botani\u010dke kompleksnosti, izdovjenu u razli\u010ditoj osnovi, pripremi, i tehnologiji destilovanja. Smatram da svaka odabrana kap ima potrebu da jo\u0161 jednom osvedo\u010di bogatstvom, sada u zadatku nove forme koju zahteva Nihilej savremeni gin.","robots":{"index":"index","follow":"follow","max-snippet":"max-snippet:-1","max-image-preview":"max-image-preview:large","max-video-preview":"max-video-preview:-1"},"canonical":"https:\/\/nihilej.com\/en\/merch\/","og_locale":"en_US","og_type":"article","og_title":"MERCH - Nihilej","og_description":"Nihilej gin slu\u017ei svojstvenu esencijalnost botani\u010dke kompleksnosti, izdovjenu u razli\u010ditoj osnovi, pripremi, i tehnologiji destilovanja. Smatram da svaka odabrana kap ima potrebu da jo\u0161 jednom osvedo\u010di bogatstvom, sada u zadatku nove forme koju zahteva Nihilej savremeni gin.","og_url":"https:\/\/nihilej.com\/en\/merch\/","og_site_name":"Nihilej","article_modified_time":"2026-01-26T10:11:41+00:00","og_image":[{"width":2302,"height":1131,"url":"https:\/\/nihilej.com\/wp-content\/uploads\/2025\/09\/Logo_samo-naziv-04.png","type":"image\/png"}],"twitter_card":"summary_large_image","schema":{"@context":"https:\/\/schema.org","@graph":[{"@type":"WebPage","@id":"https:\/\/nihilej.com\/merch\/","url":"https:\/\/nihilej.com\/merch\/","name":"MERCH - Nihilej","isPartOf":{"@id":"https:\/\/nihilej.com\/#website"},"datePublished":"2026-01-26T09:39:46+00:00","dateModified":"2026-01-26T10:11:41+00:00","description":"Nihilej gin slu\u017ei svojstvenu esencijalnost botani\u010dke kompleksnosti, izdovjenu u razli\u010ditoj osnovi, pripremi, i tehnologiji destilovanja. Smatram da svaka odabrana kap ima potrebu da jo\u0161 jednom osvedo\u010di bogatstvom, sada u zadatku nove forme koju zahteva Nihilej savremeni gin.","breadcrumb":{"@id":"https:\/\/nihilej.com\/merch\/#breadcrumb"},"inLanguage":"en-US","potentialAction":[{"@type":"ReadAction","target":["https:\/\/nihilej.com\/merch\/"]}]},{"@type":"BreadcrumbList","@id":"https:\/\/nihilej.com\/merch\/#breadcrumb","itemListElement":[{"@type":"ListItem","position":1,"name":"Home","item":"https:\/\/nihilej.com\/"},{"@type":"ListItem","position":2,"name":"MERCH"}]},{"@type":"WebSite","@id":"https:\/\/nihilej.com\/#website","url":"https:\/\/nihilej.com\/","name":"Nihilej","description":"NIHILEJ - POETIC SPIRITS","publisher":{"@id":"https:\/\/nihilej.com\/#organization"},"alternateName":"NIHILEJ - POETIC SPIRITS","potentialAction":[{"@type":"SearchAction","target":{"@type":"EntryPoint","urlTemplate":"https:\/\/nihilej.com\/?s={search_term_string}"},"query-input":{"@type":"PropertyValueSpecification","valueRequired":true,"valueName":"search_term_string"}}],"inLanguage":"en-US"},{"@type":"Organization","@id":"https:\/\/nihilej.com\/#organization","name":"Nihilej","alternateName":"NIHILEJ - POETIC SPIRITS","url":"https:\/\/nihilej.com\/","logo":{"@type":"ImageObject","inLanguage":"en-US","@id":"https:\/\/nihilej.com\/#\/schema\/logo\/image\/","url":"https:\/\/nihilej.com\/wp-content\/uploads\/2025\/09\/Logo-01-scaled.png","contentUrl":"https:\/\/nihilej.com\/wp-content\/uploads\/2025\/09\/Logo-01-scaled.png","width":2560,"height":2560,"caption":"Nihilej"},"image":{"@id":"https:\/\/nihilej.com\/#\/schema\/logo\/image\/"},"sameAs":["https:\/\/www.instagram.com\/nihilej\/"]}]}},"uagb_featured_image_src":{"full":false,"thumbnail":false,"medium":false,"medium_large":false,"large":false,"1536x1536":false,"2048x2048":false,"trp-custom-language-flag":false,"htmega_size_585x295":false,"htmega_size_1170x536":false,"htmega_size_396x360":false,"woocommerce_thumbnail":false,"woocommerce_single":false,"woocommerce_gallery_thumbnail":false},"uagb_author_info":{"display_name":"admin","author_link":"https:\/\/nihilej.com\/en\/author\/nihilej\/"},"uagb_comment_info":0,"uagb_excerpt":null,"jetpack_sharing_enabled":true,"_links":{"self":[{"href":"https:\/\/nihilej.com\/en\/wp-json\/wp\/v2\/pages\/867","targetHints":{"allow":["GET"]}}],"collection":[{"href":"https:\/\/nihilej.com\/en\/wp-json\/wp\/v2\/pages"}],"about":[{"href":"https:\/\/nihilej.com\/en\/wp-json\/wp\/v2\/types\/page"}],"author":[{"embeddable":true,"href":"https:\/\/nihilej.com\/en\/wp-json\/wp\/v2\/users\/1"}],"replies":[{"embeddable":true,"href":"https:\/\/nihilej.com\/en\/wp-json\/wp\/v2\/comments?post=867"}],"version-history":[{"count":2,"href":"https:\/\/nihilej.com\/en\/wp-json\/wp\/v2\/pages\/867\/revisions"}],"predecessor-version":[{"id":872,"href":"https:\/\/nihilej.com\/en\/wp-json\/wp\/v2\/pages\/867\/revisions\/872"}],"wp:attachment":[{"href":"https:\/\/nihilej.com\/en\/wp-json\/wp\/v2\/media?parent=867"}],"curies":[{"name":"wp","href":"https:\/\/api.w.org\/{rel}","templated":true}]}}