{"id":503,"date":"2025-07-28T15:30:03","date_gmt":"2025-07-28T15:30:03","guid":{"rendered":"https:\/\/nihilej.com\/?post_type=product&#038;p=503"},"modified":"2025-09-17T06:04:30","modified_gmt":"2025-09-17T06:04:30","slug":"mangata-london-dry-gin","status":"publish","type":"product","link":"https:\/\/nihilej.com\/en\/product\/mangata-london-dry-gin\/","title":{"rendered":"MANGATA LONDON DRY GIN 700ml \/ 42% vol"},"content":{"rendered":"<p><strong>THE TIME INSPIRES THE CREATION: <\/strong>To create circumstances that will primarily test the character\nyou have chosen, must clearly establish the unquestionable proof of strength that we desire for the\nwork process.\nMangata achieves permanence through new experimentation, with a dose of profound virtuosity\nand the botanical complexity of every batch.\nBy guiding toward the unknown, knowledge and passion are undeniably subjected to the mysticism\nin which every previous choice is already reflected, like moonlight on water.\nMore than enough to earn the star of a classic.<\/p>\n<p>&nbsp;<\/p>\n<p><img fetchpriority=\"high\" decoding=\"async\" class=\"alignnone size-medium wp-image-649\" src=\"https:\/\/nihilej.com\/wp-content\/uploads\/2025\/07\/Gemini_Generated_Image_dga519dga519dga5-300x300.png\" alt=\"\" width=\"300\" height=\"300\" srcset=\"https:\/\/nihilej.com\/wp-content\/uploads\/2025\/07\/Gemini_Generated_Image_dga519dga519dga5-300x300.png 300w, https:\/\/nihilej.com\/wp-content\/uploads\/2025\/07\/Gemini_Generated_Image_dga519dga519dga5-1024x1024.png 1024w, https:\/\/nihilej.com\/wp-content\/uploads\/2025\/07\/Gemini_Generated_Image_dga519dga519dga5-150x150.png 150w, https:\/\/nihilej.com\/wp-content\/uploads\/2025\/07\/Gemini_Generated_Image_dga519dga519dga5-768x768.png 768w, https:\/\/nihilej.com\/wp-content\/uploads\/2025\/07\/Gemini_Generated_Image_dga519dga519dga5-800x800.png 800w, https:\/\/nihilej.com\/wp-content\/uploads\/2025\/07\/Gemini_Generated_Image_dga519dga519dga5-600x600.png 600w, https:\/\/nihilej.com\/wp-content\/uploads\/2025\/07\/Gemini_Generated_Image_dga519dga519dga5-100x100.png 100w, https:\/\/nihilej.com\/wp-content\/uploads\/2025\/07\/Gemini_Generated_Image_dga519dga519dga5.png 1080w\" sizes=\"(max-width: 300px) 100vw, 300px\" \/> <img decoding=\"async\" class=\"alignnone size-medium wp-image-650\" src=\"https:\/\/nihilej.com\/wp-content\/uploads\/2025\/07\/Gemini_Generated_Image_k1zff1k1zff1k1zf-300x300.png\" alt=\"\" width=\"300\" height=\"300\" srcset=\"https:\/\/nihilej.com\/wp-content\/uploads\/2025\/07\/Gemini_Generated_Image_k1zff1k1zff1k1zf-300x300.png 300w, https:\/\/nihilej.com\/wp-content\/uploads\/2025\/07\/Gemini_Generated_Image_k1zff1k1zff1k1zf-1024x1024.png 1024w, https:\/\/nihilej.com\/wp-content\/uploads\/2025\/07\/Gemini_Generated_Image_k1zff1k1zff1k1zf-150x150.png 150w, https:\/\/nihilej.com\/wp-content\/uploads\/2025\/07\/Gemini_Generated_Image_k1zff1k1zff1k1zf-768x768.png 768w, https:\/\/nihilej.com\/wp-content\/uploads\/2025\/07\/Gemini_Generated_Image_k1zff1k1zff1k1zf-800x800.png 800w, https:\/\/nihilej.com\/wp-content\/uploads\/2025\/07\/Gemini_Generated_Image_k1zff1k1zff1k1zf-600x600.png 600w, https:\/\/nihilej.com\/wp-content\/uploads\/2025\/07\/Gemini_Generated_Image_k1zff1k1zff1k1zf-100x100.png 100w, https:\/\/nihilej.com\/wp-content\/uploads\/2025\/07\/Gemini_Generated_Image_k1zff1k1zff1k1zf.png 1080w\" sizes=\"(max-width: 300px) 100vw, 300px\" \/> <img decoding=\"async\" class=\"alignnone size-medium wp-image-651\" src=\"https:\/\/nihilej.com\/wp-content\/uploads\/2025\/07\/Gemini_Generated_Image_ycxzghycxzghycxz-300x300.png\" alt=\"\" width=\"300\" height=\"300\" srcset=\"https:\/\/nihilej.com\/wp-content\/uploads\/2025\/07\/Gemini_Generated_Image_ycxzghycxzghycxz-300x300.png 300w, https:\/\/nihilej.com\/wp-content\/uploads\/2025\/07\/Gemini_Generated_Image_ycxzghycxzghycxz-1024x1024.png 1024w, https:\/\/nihilej.com\/wp-content\/uploads\/2025\/07\/Gemini_Generated_Image_ycxzghycxzghycxz-150x150.png 150w, https:\/\/nihilej.com\/wp-content\/uploads\/2025\/07\/Gemini_Generated_Image_ycxzghycxzghycxz-768x768.png 768w, https:\/\/nihilej.com\/wp-content\/uploads\/2025\/07\/Gemini_Generated_Image_ycxzghycxzghycxz-800x800.png 800w, https:\/\/nihilej.com\/wp-content\/uploads\/2025\/07\/Gemini_Generated_Image_ycxzghycxzghycxz-600x600.png 600w, https:\/\/nihilej.com\/wp-content\/uploads\/2025\/07\/Gemini_Generated_Image_ycxzghycxzghycxz-100x100.png 100w, https:\/\/nihilej.com\/wp-content\/uploads\/2025\/07\/Gemini_Generated_Image_ycxzghycxzghycxz.png 1080w\" sizes=\"(max-width: 300px) 100vw, 300px\" \/><\/p>\n<p>&nbsp;<\/p>","protected":false},"excerpt":{"rendered":"<p><strong>FRAGRANCE:<\/strong>: Posebnoj kontroli mirisa pristupa kleka, daju\u0107i sve\u017einu upotpunjenu kompleksno\u0161\u0107u suve i tropske vo\u0107ne odabranosti u za\u010dinu cvetnog etra.<\/p>\n<p>&nbsp;<\/p>\n<p><strong><strong>UKUS<\/strong><\/strong>: Neraskidivost bogatstva forme koja dolazi od manga, suve kajsije i smokve, upotpunjena drvenastim zanosom kleke, lagano podrhtava pod cvetnim, ora\u0161astim i lakim za\u010dinskim tonovima, stvaraju\u0107i pun i originalan ukus London Dry Gin-a.<\/p>\n<p>&nbsp;<\/p>\n<p><strong>NAME ORIGIN:<\/strong>Moonlight, mysticism, and the wave as a path\u2014all together reveal the\ndesignated phenomenon that highlights the most potent essentials of nature, abundance, and\ncomplexity required for a complete experience. M\u00e5ngata precisely represents the reflection of\nthe moonlight on water, or rather, the mango, dried fig, and apricot in the pine-like wave of\nNihilej craft juniper.<\/p>","protected":false},"featured_media":659,"template":"","meta":{"_gspb_post_css":"","_uag_custom_page_level_css":""},"product_brand":[],"product_cat":[24],"product_tag":[],"class_list":{"0":"post-503","1":"product","2":"type-product","3":"status-publish","4":"has-post-thumbnail","6":"product_cat-gin","8":"first","9":"instock","10":"shipping-taxable","11":"purchasable","12":"product-type-simple"},"yoast_head":"<!-- This site is optimized with the Yoast SEO plugin v27.3 - https:\/\/yoast.com\/product\/yoast-seo-wordpress\/ -->\n<title>MANGATA LONDON DRY GIN 700ml \/ 42% vol - Nihilej<\/title>\n<meta name=\"description\" content=\"Posebnoj kontroli mirisa pristupa kleka, daju\u0107i sve\u017einu upotpunjenu kompleksno\u0161\u0107u suve i tropske vo\u0107ne odabranosti u za\u010dinu cvetnog etra.\" \/>\n<meta name=\"robots\" content=\"index, follow, max-snippet:-1, max-image-preview:large, max-video-preview:-1\" \/>\n<link rel=\"canonical\" href=\"https:\/\/nihilej.com\/en\/product\/mangata-london-dry-gin\/\" \/>\n<meta property=\"og:locale\" content=\"en_US\" \/>\n<meta property=\"og:type\" content=\"article\" \/>\n<meta property=\"og:title\" content=\"MANGATA LONDON DRY GIN 700ml \/ 42% vol - Nihilej\" \/>\n<meta property=\"og:description\" content=\"Posebnoj kontroli mirisa pristupa kleka, daju\u0107i sve\u017einu upotpunjenu kompleksno\u0161\u0107u suve i tropske vo\u0107ne odabranosti u za\u010dinu cvetnog etra.\" \/>\n<meta property=\"og:url\" content=\"https:\/\/nihilej.com\/en\/product\/mangata-london-dry-gin\/\" \/>\n<meta property=\"og:site_name\" content=\"Nihilej\" \/>\n<meta property=\"article:modified_time\" content=\"2025-09-17T06:04:30+00:00\" \/>\n<meta property=\"og:image\" content=\"https:\/\/nihilej.com\/wp-content\/uploads\/2025\/07\/mangata-gin.png\" \/>\n\t<meta property=\"og:image:width\" content=\"1080\" \/>\n\t<meta property=\"og:image:height\" content=\"1080\" \/>\n\t<meta property=\"og:image:type\" content=\"image\/png\" \/>\n<meta name=\"twitter:card\" content=\"summary_large_image\" \/>\n<meta name=\"twitter:label1\" content=\"Est. reading time\" \/>\n\t<meta name=\"twitter:data1\" content=\"2 minutes\" \/>\n<script type=\"application\/ld+json\" class=\"yoast-schema-graph\">{\"@context\":\"https:\\\/\\\/schema.org\",\"@graph\":[{\"@type\":\"WebPage\",\"@id\":\"https:\\\/\\\/nihilej.com\\\/en\\\/product\\\/mangata-london-dry-gin\\\/\",\"url\":\"https:\\\/\\\/nihilej.com\\\/en\\\/product\\\/mangata-london-dry-gin\\\/\",\"name\":\"MANGATA LONDON DRY GIN 700ml \\\/ 42% vol - Nihilej\",\"isPartOf\":{\"@id\":\"https:\\\/\\\/nihilej.com\\\/#website\"},\"primaryImageOfPage\":{\"@id\":\"https:\\\/\\\/nihilej.com\\\/en\\\/product\\\/mangata-london-dry-gin\\\/#primaryimage\"},\"image\":{\"@id\":\"https:\\\/\\\/nihilej.com\\\/en\\\/product\\\/mangata-london-dry-gin\\\/#primaryimage\"},\"thumbnailUrl\":\"https:\\\/\\\/nihilej.com\\\/wp-content\\\/uploads\\\/2025\\\/07\\\/mangata-gin.png\",\"datePublished\":\"2025-07-28T15:30:03+00:00\",\"dateModified\":\"2025-09-17T06:04:30+00:00\",\"description\":\"Posebnoj kontroli mirisa pristupa kleka, daju\u0107i sve\u017einu upotpunjenu kompleksno\u0161\u0107u suve i tropske vo\u0107ne odabranosti u za\u010dinu cvetnog etra.\",\"breadcrumb\":{\"@id\":\"https:\\\/\\\/nihilej.com\\\/en\\\/product\\\/mangata-london-dry-gin\\\/#breadcrumb\"},\"inLanguage\":\"en-US\",\"potentialAction\":[{\"@type\":\"ReadAction\",\"target\":[\"https:\\\/\\\/nihilej.com\\\/en\\\/product\\\/mangata-london-dry-gin\\\/\"]}]},{\"@type\":\"ImageObject\",\"inLanguage\":\"en-US\",\"@id\":\"https:\\\/\\\/nihilej.com\\\/en\\\/product\\\/mangata-london-dry-gin\\\/#primaryimage\",\"url\":\"https:\\\/\\\/nihilej.com\\\/wp-content\\\/uploads\\\/2025\\\/07\\\/mangata-gin.png\",\"contentUrl\":\"https:\\\/\\\/nihilej.com\\\/wp-content\\\/uploads\\\/2025\\\/07\\\/mangata-gin.png\",\"width\":1080,\"height\":1080},{\"@type\":\"BreadcrumbList\",\"@id\":\"https:\\\/\\\/nihilej.com\\\/en\\\/product\\\/mangata-london-dry-gin\\\/#breadcrumb\",\"itemListElement\":[{\"@type\":\"ListItem\",\"position\":1,\"name\":\"Home\",\"item\":\"https:\\\/\\\/nihilej.com\\\/\"},{\"@type\":\"ListItem\",\"position\":2,\"name\":\"Shop\",\"item\":\"https:\\\/\\\/nihilej.com\\\/en\\\/shop\\\/\"},{\"@type\":\"ListItem\",\"position\":3,\"name\":\"MANGATA LONDON DRY GIN 700ml \\\/ 42% vol\"}]},{\"@type\":\"WebSite\",\"@id\":\"https:\\\/\\\/nihilej.com\\\/#website\",\"url\":\"https:\\\/\\\/nihilej.com\\\/\",\"name\":\"Nihilej\",\"description\":\"NIHILEJ - POETIC SPIRITS\",\"publisher\":{\"@id\":\"https:\\\/\\\/nihilej.com\\\/#organization\"},\"alternateName\":\"NIHILEJ - POETIC SPIRITS\",\"potentialAction\":[{\"@type\":\"SearchAction\",\"target\":{\"@type\":\"EntryPoint\",\"urlTemplate\":\"https:\\\/\\\/nihilej.com\\\/?s={search_term_string}\"},\"query-input\":{\"@type\":\"PropertyValueSpecification\",\"valueRequired\":true,\"valueName\":\"search_term_string\"}}],\"inLanguage\":\"en-US\"},{\"@type\":\"Organization\",\"@id\":\"https:\\\/\\\/nihilej.com\\\/#organization\",\"name\":\"Nihilej\",\"alternateName\":\"NIHILEJ - POETIC SPIRITS\",\"url\":\"https:\\\/\\\/nihilej.com\\\/\",\"logo\":{\"@type\":\"ImageObject\",\"inLanguage\":\"en-US\",\"@id\":\"https:\\\/\\\/nihilej.com\\\/#\\\/schema\\\/logo\\\/image\\\/\",\"url\":\"https:\\\/\\\/nihilej.com\\\/wp-content\\\/uploads\\\/2025\\\/09\\\/Logo-01-scaled.png\",\"contentUrl\":\"https:\\\/\\\/nihilej.com\\\/wp-content\\\/uploads\\\/2025\\\/09\\\/Logo-01-scaled.png\",\"width\":2560,\"height\":2560,\"caption\":\"Nihilej\"},\"image\":{\"@id\":\"https:\\\/\\\/nihilej.com\\\/#\\\/schema\\\/logo\\\/image\\\/\"},\"sameAs\":[\"https:\\\/\\\/www.instagram.com\\\/nihilej\\\/\"]}]}<\/script>\n<!-- \/ Yoast SEO plugin. -->","yoast_head_json":{"title":"MANGATA LONDON DRY GIN 700ml \/ 42% vol - Nihilej","description":"Posebnoj kontroli mirisa pristupa kleka, daju\u0107i sve\u017einu upotpunjenu kompleksno\u0161\u0107u suve i tropske vo\u0107ne odabranosti u za\u010dinu cvetnog etra.","robots":{"index":"index","follow":"follow","max-snippet":"max-snippet:-1","max-image-preview":"max-image-preview:large","max-video-preview":"max-video-preview:-1"},"canonical":"https:\/\/nihilej.com\/en\/product\/mangata-london-dry-gin\/","og_locale":"en_US","og_type":"article","og_title":"MANGATA LONDON DRY GIN 700ml \/ 42% vol - Nihilej","og_description":"Posebnoj kontroli mirisa pristupa kleka, daju\u0107i sve\u017einu upotpunjenu kompleksno\u0161\u0107u suve i tropske vo\u0107ne odabranosti u za\u010dinu cvetnog etra.","og_url":"https:\/\/nihilej.com\/en\/product\/mangata-london-dry-gin\/","og_site_name":"Nihilej","article_modified_time":"2025-09-17T06:04:30+00:00","og_image":[{"width":1080,"height":1080,"url":"https:\/\/nihilej.com\/wp-content\/uploads\/2025\/07\/mangata-gin.png","type":"image\/png"}],"twitter_card":"summary_large_image","twitter_misc":{"Est. reading time":"2 minutes"},"schema":{"@context":"https:\/\/schema.org","@graph":[{"@type":"WebPage","@id":"https:\/\/nihilej.com\/en\/product\/mangata-london-dry-gin\/","url":"https:\/\/nihilej.com\/en\/product\/mangata-london-dry-gin\/","name":"MANGATA LONDON DRY GIN 700ml \/ 42% vol - Nihilej","isPartOf":{"@id":"https:\/\/nihilej.com\/#website"},"primaryImageOfPage":{"@id":"https:\/\/nihilej.com\/en\/product\/mangata-london-dry-gin\/#primaryimage"},"image":{"@id":"https:\/\/nihilej.com\/en\/product\/mangata-london-dry-gin\/#primaryimage"},"thumbnailUrl":"https:\/\/nihilej.com\/wp-content\/uploads\/2025\/07\/mangata-gin.png","datePublished":"2025-07-28T15:30:03+00:00","dateModified":"2025-09-17T06:04:30+00:00","description":"Posebnoj kontroli mirisa pristupa kleka, daju\u0107i sve\u017einu upotpunjenu kompleksno\u0161\u0107u suve i tropske vo\u0107ne odabranosti u za\u010dinu cvetnog etra.","breadcrumb":{"@id":"https:\/\/nihilej.com\/en\/product\/mangata-london-dry-gin\/#breadcrumb"},"inLanguage":"en-US","potentialAction":[{"@type":"ReadAction","target":["https:\/\/nihilej.com\/en\/product\/mangata-london-dry-gin\/"]}]},{"@type":"ImageObject","inLanguage":"en-US","@id":"https:\/\/nihilej.com\/en\/product\/mangata-london-dry-gin\/#primaryimage","url":"https:\/\/nihilej.com\/wp-content\/uploads\/2025\/07\/mangata-gin.png","contentUrl":"https:\/\/nihilej.com\/wp-content\/uploads\/2025\/07\/mangata-gin.png","width":1080,"height":1080},{"@type":"BreadcrumbList","@id":"https:\/\/nihilej.com\/en\/product\/mangata-london-dry-gin\/#breadcrumb","itemListElement":[{"@type":"ListItem","position":1,"name":"Home","item":"https:\/\/nihilej.com\/"},{"@type":"ListItem","position":2,"name":"Shop","item":"https:\/\/nihilej.com\/en\/shop\/"},{"@type":"ListItem","position":3,"name":"MANGATA LONDON DRY GIN 700ml \/ 42% vol"}]},{"@type":"WebSite","@id":"https:\/\/nihilej.com\/#website","url":"https:\/\/nihilej.com\/","name":"Nihilej","description":"NIHILEJ - POETIC SPIRITS","publisher":{"@id":"https:\/\/nihilej.com\/#organization"},"alternateName":"NIHILEJ - POETIC SPIRITS","potentialAction":[{"@type":"SearchAction","target":{"@type":"EntryPoint","urlTemplate":"https:\/\/nihilej.com\/?s={search_term_string}"},"query-input":{"@type":"PropertyValueSpecification","valueRequired":true,"valueName":"search_term_string"}}],"inLanguage":"en-US"},{"@type":"Organization","@id":"https:\/\/nihilej.com\/#organization","name":"Nihilej","alternateName":"NIHILEJ - POETIC SPIRITS","url":"https:\/\/nihilej.com\/","logo":{"@type":"ImageObject","inLanguage":"en-US","@id":"https:\/\/nihilej.com\/#\/schema\/logo\/image\/","url":"https:\/\/nihilej.com\/wp-content\/uploads\/2025\/09\/Logo-01-scaled.png","contentUrl":"https:\/\/nihilej.com\/wp-content\/uploads\/2025\/09\/Logo-01-scaled.png","width":2560,"height":2560,"caption":"Nihilej"},"image":{"@id":"https:\/\/nihilej.com\/#\/schema\/logo\/image\/"},"sameAs":["https:\/\/www.instagram.com\/nihilej\/"]}]}},"uagb_featured_image_src":{"full":["https:\/\/nihilej.com\/wp-content\/uploads\/2025\/07\/mangata-gin.png",1080,1080,false],"thumbnail":["https:\/\/nihilej.com\/wp-content\/uploads\/2025\/07\/mangata-gin-150x150.png",150,150,true],"medium":["https:\/\/nihilej.com\/wp-content\/uploads\/2025\/07\/mangata-gin-300x300.png",300,300,true],"medium_large":["https:\/\/nihilej.com\/wp-content\/uploads\/2025\/07\/mangata-gin-768x768.png",768,768,true],"large":["https:\/\/nihilej.com\/wp-content\/uploads\/2025\/07\/mangata-gin-1024x1024.png",1024,1024,true],"1536x1536":["https:\/\/nihilej.com\/wp-content\/uploads\/2025\/07\/mangata-gin.png",1080,1080,false],"2048x2048":["https:\/\/nihilej.com\/wp-content\/uploads\/2025\/07\/mangata-gin.png",1080,1080,false],"trp-custom-language-flag":["https:\/\/nihilej.com\/wp-content\/uploads\/2025\/07\/mangata-gin.png",12,12,false],"htmega_size_585x295":["https:\/\/nihilej.com\/wp-content\/uploads\/2025\/07\/mangata-gin-585x295.png",585,295,true],"htmega_size_1170x536":["https:\/\/nihilej.com\/wp-content\/uploads\/2025\/07\/mangata-gin-1080x536.png",1080,536,true],"htmega_size_396x360":["https:\/\/nihilej.com\/wp-content\/uploads\/2025\/07\/mangata-gin-396x360.png",396,360,true],"woocommerce_thumbnail":["https:\/\/nihilej.com\/wp-content\/uploads\/2025\/07\/mangata-gin-800x800.png",800,800,true],"woocommerce_single":["https:\/\/nihilej.com\/wp-content\/uploads\/2025\/07\/mangata-gin-600x600.png",600,600,true],"woocommerce_gallery_thumbnail":["https:\/\/nihilej.com\/wp-content\/uploads\/2025\/07\/mangata-gin-100x100.png",100,100,true]},"uagb_author_info":{"display_name":"admin","author_link":"https:\/\/nihilej.com\/en\/author\/"},"uagb_comment_info":0,"uagb_excerpt":"MIRIS: Posebnoj kontroli mirisa pristupa kleka, daju\u0107i sve\u017einu upotpunjenu kompleksno\u0161\u0107u suve i tropske vo\u0107ne odabranosti u za\u010dinu cvetnog etra. &nbsp; UKUS: Neraskidivost bogatstva forme koja dolazi od manga, suve kajsije i smokve, upotpunjena drvenastim zanosom kleke, lagano podrhtava pod cvetnim, ora\u0161astim i lakim za\u010dinskim tonovima, stvaraju\u0107i pun i originalan ukus London Dry Gin-a. &nbsp; POREKLO&hellip;","jetpack_sharing_enabled":true,"_links":{"self":[{"href":"https:\/\/nihilej.com\/en\/wp-json\/wp\/v2\/product\/503","targetHints":{"allow":["GET"]}}],"collection":[{"href":"https:\/\/nihilej.com\/en\/wp-json\/wp\/v2\/product"}],"about":[{"href":"https:\/\/nihilej.com\/en\/wp-json\/wp\/v2\/types\/product"}],"wp:featuredmedia":[{"embeddable":true,"href":"https:\/\/nihilej.com\/en\/wp-json\/wp\/v2\/media\/659"}],"wp:attachment":[{"href":"https:\/\/nihilej.com\/en\/wp-json\/wp\/v2\/media?parent=503"}],"wp:term":[{"taxonomy":"product_brand","embeddable":true,"href":"https:\/\/nihilej.com\/en\/wp-json\/wp\/v2\/product_brand?post=503"},{"taxonomy":"product_cat","embeddable":true,"href":"https:\/\/nihilej.com\/en\/wp-json\/wp\/v2\/product_cat?post=503"},{"taxonomy":"product_tag","embeddable":true,"href":"https:\/\/nihilej.com\/en\/wp-json\/wp\/v2\/product_tag?post=503"}],"curies":[{"name":"wp","href":"https:\/\/api.w.org\/{rel}","templated":true}]}}