{"id":506,"date":"2025-07-28T15:32:18","date_gmt":"2025-07-28T15:32:18","guid":{"rendered":"https:\/\/nihilej.com\/?post_type=product&#038;p=506"},"modified":"2025-09-17T05:55:53","modified_gmt":"2025-09-17T05:55:53","slug":"nepenthe-london-dry-gin","status":"publish","type":"product","link":"https:\/\/nihilej.com\/en\/product\/nepenthe-london-dry-gin\/","title":{"rendered":"NEPENTHE LONDON DRY GIN 700ml \/ 41.2% vol"},"content":{"rendered":"<p><strong>THE TIME INSPIRES THE CREATION:<\/strong>Eternity, no matter how vast, always calls forth old debates.\nIndeed. The main cosmic inheritance is precisely to choose a favourite oblivion.\nWith readiness for such an idea, this Nihilej Gin embraced the clear ideal of the word Nepenthe.<\/p>\n<p>With all the richness it subtly yields, its refinement simultaneously instills ecstasy in the consistency\nof a favourite oblivion.<\/p>\n<p>&nbsp;<\/p>\n<p><img fetchpriority=\"high\" decoding=\"async\" class=\"alignnone size-medium wp-image-647\" src=\"https:\/\/nihilej.com\/wp-content\/uploads\/2025\/07\/Gemini_Generated_Image_bm5l6bm5l6bm5l6b-300x300.png\" alt=\"\" width=\"300\" height=\"300\" srcset=\"https:\/\/nihilej.com\/wp-content\/uploads\/2025\/07\/Gemini_Generated_Image_bm5l6bm5l6bm5l6b-300x300.png 300w, https:\/\/nihilej.com\/wp-content\/uploads\/2025\/07\/Gemini_Generated_Image_bm5l6bm5l6bm5l6b-1024x1024.png 1024w, https:\/\/nihilej.com\/wp-content\/uploads\/2025\/07\/Gemini_Generated_Image_bm5l6bm5l6bm5l6b-150x150.png 150w, https:\/\/nihilej.com\/wp-content\/uploads\/2025\/07\/Gemini_Generated_Image_bm5l6bm5l6bm5l6b-768x768.png 768w, https:\/\/nihilej.com\/wp-content\/uploads\/2025\/07\/Gemini_Generated_Image_bm5l6bm5l6bm5l6b-800x800.png 800w, https:\/\/nihilej.com\/wp-content\/uploads\/2025\/07\/Gemini_Generated_Image_bm5l6bm5l6bm5l6b-600x600.png 600w, https:\/\/nihilej.com\/wp-content\/uploads\/2025\/07\/Gemini_Generated_Image_bm5l6bm5l6bm5l6b-100x100.png 100w, https:\/\/nihilej.com\/wp-content\/uploads\/2025\/07\/Gemini_Generated_Image_bm5l6bm5l6bm5l6b.png 1080w\" sizes=\"(max-width: 300px) 100vw, 300px\" \/> <img decoding=\"async\" class=\"alignnone size-medium wp-image-648\" src=\"https:\/\/nihilej.com\/wp-content\/uploads\/2025\/07\/Gemini_Generated_Image_hvsjd8hvsjd8hvsj-300x300.png\" alt=\"\" width=\"300\" height=\"300\" srcset=\"https:\/\/nihilej.com\/wp-content\/uploads\/2025\/07\/Gemini_Generated_Image_hvsjd8hvsjd8hvsj-300x300.png 300w, https:\/\/nihilej.com\/wp-content\/uploads\/2025\/07\/Gemini_Generated_Image_hvsjd8hvsjd8hvsj-1024x1024.png 1024w, https:\/\/nihilej.com\/wp-content\/uploads\/2025\/07\/Gemini_Generated_Image_hvsjd8hvsjd8hvsj-150x150.png 150w, https:\/\/nihilej.com\/wp-content\/uploads\/2025\/07\/Gemini_Generated_Image_hvsjd8hvsjd8hvsj-768x768.png 768w, https:\/\/nihilej.com\/wp-content\/uploads\/2025\/07\/Gemini_Generated_Image_hvsjd8hvsjd8hvsj-800x800.png 800w, https:\/\/nihilej.com\/wp-content\/uploads\/2025\/07\/Gemini_Generated_Image_hvsjd8hvsjd8hvsj-600x600.png 600w, https:\/\/nihilej.com\/wp-content\/uploads\/2025\/07\/Gemini_Generated_Image_hvsjd8hvsjd8hvsj-100x100.png 100w, https:\/\/nihilej.com\/wp-content\/uploads\/2025\/07\/Gemini_Generated_Image_hvsjd8hvsjd8hvsj.png 1080w\" sizes=\"(max-width: 300px) 100vw, 300px\" \/><img decoding=\"async\" class=\"alignnone size-medium wp-image-639\" src=\"https:\/\/nihilej.com\/wp-content\/uploads\/2025\/07\/Gemini_Generated_Image_a7upoa7upoa7upoa-1.png\" alt=\"\" width=\"1\" height=\"1\" \/><img loading=\"lazy\" decoding=\"async\" class=\"alignnone size-medium wp-image-646\" src=\"https:\/\/nihilej.com\/wp-content\/uploads\/2025\/07\/Gemini_Generated_Image_a7upoa7upoa7upoa-300x300.png\" alt=\"\" width=\"300\" height=\"300\" srcset=\"https:\/\/nihilej.com\/wp-content\/uploads\/2025\/07\/Gemini_Generated_Image_a7upoa7upoa7upoa-300x300.png 300w, https:\/\/nihilej.com\/wp-content\/uploads\/2025\/07\/Gemini_Generated_Image_a7upoa7upoa7upoa-1024x1024.png 1024w, https:\/\/nihilej.com\/wp-content\/uploads\/2025\/07\/Gemini_Generated_Image_a7upoa7upoa7upoa-150x150.png 150w, https:\/\/nihilej.com\/wp-content\/uploads\/2025\/07\/Gemini_Generated_Image_a7upoa7upoa7upoa-768x768.png 768w, https:\/\/nihilej.com\/wp-content\/uploads\/2025\/07\/Gemini_Generated_Image_a7upoa7upoa7upoa-800x800.png 800w, https:\/\/nihilej.com\/wp-content\/uploads\/2025\/07\/Gemini_Generated_Image_a7upoa7upoa7upoa-600x600.png 600w, https:\/\/nihilej.com\/wp-content\/uploads\/2025\/07\/Gemini_Generated_Image_a7upoa7upoa7upoa-100x100.png 100w, https:\/\/nihilej.com\/wp-content\/uploads\/2025\/07\/Gemini_Generated_Image_a7upoa7upoa7upoa.png 1080w\" sizes=\"(max-width: 300px) 100vw, 300px\" \/><\/p>","protected":false},"excerpt":{"rendered":"<h3><strong>FRAGRANCE: <\/strong>:<\/h3>\n<p>Smolasta ispunjnost klekom sa limunovim prelivima daje sve\u017e do\u017eivljaj uz koje uspevaju lisni spojevi da zauzmu nezaoibilazno mesto ovog \u010dina.<\/p>\n<p>&nbsp;<\/p>\n<h3><strong> UKUS <\/strong>:<\/h3>\n<p>Sve\u017eina i lako\u0107a simbolizuju aristokratski karakter ovog gin-a. Osmi\u0161ljena cvetna i korenasta raspordela sastojaka projektuje dugotrajan zanos upotpunjen smolastim okvirima kleke. Dok ravnote\u017eu izme\u0111u sla\u0111ih i citrusnih tonova o\u010duvava lisnost duda, upravo celokupan u\u017eitak upotpunjava duboki karakter kardamoma zajedno sa meko\u0107om koju donosi vanila.<\/p>\n<p>&nbsp;<\/p>\n<h3><strong> NAME ORIGIN: <\/strong><\/h3>\n<p>Nepenthe: A special beverage, mentioned among the ancient traditions of\nnoble poets, induced the pleasant feeling of forgetting sorrow.<\/p>","protected":false},"featured_media":658,"template":"","meta":{"_gspb_post_css":"","_uag_custom_page_level_css":""},"product_brand":[],"product_cat":[24],"product_tag":[],"class_list":{"0":"post-506","1":"product","2":"type-product","3":"status-publish","4":"has-post-thumbnail","6":"product_cat-gin","8":"first","9":"instock","10":"shipping-taxable","11":"purchasable","12":"product-type-simple"},"yoast_head":"<!-- This site is optimized with the Yoast SEO plugin v27.3 - https:\/\/yoast.com\/product\/yoast-seo-wordpress\/ -->\n<title>NEPENTHE LONDON DRY GIN 700ml \/ 41.2% vol - Nihilej<\/title>\n<meta name=\"description\" content=\"Smolasta ispunjnost klekom sa limunovim prelivima daje sve\u017e do\u017eivljaj uz koje uspevaju lisni spojevi da zauzmu nezaoibilazno mesto ovog \u010dina.\" \/>\n<meta name=\"robots\" content=\"index, follow, max-snippet:-1, max-image-preview:large, max-video-preview:-1\" \/>\n<link rel=\"canonical\" href=\"https:\/\/nihilej.com\/en\/product\/nepenthe-london-dry-gin\/\" \/>\n<meta property=\"og:locale\" content=\"en_US\" \/>\n<meta property=\"og:type\" content=\"article\" \/>\n<meta property=\"og:title\" content=\"NEPENTHE LONDON DRY GIN 700ml \/ 41.2% vol - Nihilej\" \/>\n<meta property=\"og:description\" content=\"Smolasta ispunjnost klekom sa limunovim prelivima daje sve\u017e do\u017eivljaj uz koje uspevaju lisni spojevi da zauzmu nezaoibilazno mesto ovog \u010dina.\" \/>\n<meta property=\"og:url\" content=\"https:\/\/nihilej.com\/en\/product\/nepenthe-london-dry-gin\/\" \/>\n<meta property=\"og:site_name\" content=\"Nihilej\" \/>\n<meta property=\"article:modified_time\" content=\"2025-09-17T05:55:53+00:00\" \/>\n<meta property=\"og:image\" content=\"https:\/\/nihilej.com\/wp-content\/uploads\/2025\/07\/nepenthe-gin-1.png\" \/>\n\t<meta property=\"og:image:width\" content=\"1080\" \/>\n\t<meta property=\"og:image:height\" content=\"1080\" \/>\n\t<meta property=\"og:image:type\" content=\"image\/png\" \/>\n<meta name=\"twitter:card\" content=\"summary_large_image\" \/>\n<meta name=\"twitter:label1\" content=\"Est. reading time\" \/>\n\t<meta name=\"twitter:data1\" content=\"2 minutes\" \/>\n<script type=\"application\/ld+json\" class=\"yoast-schema-graph\">{\"@context\":\"https:\\\/\\\/schema.org\",\"@graph\":[{\"@type\":\"WebPage\",\"@id\":\"https:\\\/\\\/nihilej.com\\\/en\\\/product\\\/nepenthe-london-dry-gin\\\/\",\"url\":\"https:\\\/\\\/nihilej.com\\\/en\\\/product\\\/nepenthe-london-dry-gin\\\/\",\"name\":\"NEPENTHE LONDON DRY GIN 700ml \\\/ 41.2% vol - Nihilej\",\"isPartOf\":{\"@id\":\"https:\\\/\\\/nihilej.com\\\/#website\"},\"primaryImageOfPage\":{\"@id\":\"https:\\\/\\\/nihilej.com\\\/en\\\/product\\\/nepenthe-london-dry-gin\\\/#primaryimage\"},\"image\":{\"@id\":\"https:\\\/\\\/nihilej.com\\\/en\\\/product\\\/nepenthe-london-dry-gin\\\/#primaryimage\"},\"thumbnailUrl\":\"https:\\\/\\\/nihilej.com\\\/wp-content\\\/uploads\\\/2025\\\/07\\\/nepenthe-gin-1.png\",\"datePublished\":\"2025-07-28T15:32:18+00:00\",\"dateModified\":\"2025-09-17T05:55:53+00:00\",\"description\":\"Smolasta ispunjnost klekom sa limunovim prelivima daje sve\u017e do\u017eivljaj uz koje uspevaju lisni spojevi da zauzmu nezaoibilazno mesto ovog \u010dina.\",\"breadcrumb\":{\"@id\":\"https:\\\/\\\/nihilej.com\\\/en\\\/product\\\/nepenthe-london-dry-gin\\\/#breadcrumb\"},\"inLanguage\":\"en-US\",\"potentialAction\":[{\"@type\":\"ReadAction\",\"target\":[\"https:\\\/\\\/nihilej.com\\\/en\\\/product\\\/nepenthe-london-dry-gin\\\/\"]}]},{\"@type\":\"ImageObject\",\"inLanguage\":\"en-US\",\"@id\":\"https:\\\/\\\/nihilej.com\\\/en\\\/product\\\/nepenthe-london-dry-gin\\\/#primaryimage\",\"url\":\"https:\\\/\\\/nihilej.com\\\/wp-content\\\/uploads\\\/2025\\\/07\\\/nepenthe-gin-1.png\",\"contentUrl\":\"https:\\\/\\\/nihilej.com\\\/wp-content\\\/uploads\\\/2025\\\/07\\\/nepenthe-gin-1.png\",\"width\":1080,\"height\":1080},{\"@type\":\"BreadcrumbList\",\"@id\":\"https:\\\/\\\/nihilej.com\\\/en\\\/product\\\/nepenthe-london-dry-gin\\\/#breadcrumb\",\"itemListElement\":[{\"@type\":\"ListItem\",\"position\":1,\"name\":\"Home\",\"item\":\"https:\\\/\\\/nihilej.com\\\/\"},{\"@type\":\"ListItem\",\"position\":2,\"name\":\"Shop\",\"item\":\"https:\\\/\\\/nihilej.com\\\/en\\\/shop\\\/\"},{\"@type\":\"ListItem\",\"position\":3,\"name\":\"NEPENTHE LONDON DRY GIN 700ml \\\/ 41.2% vol\"}]},{\"@type\":\"WebSite\",\"@id\":\"https:\\\/\\\/nihilej.com\\\/#website\",\"url\":\"https:\\\/\\\/nihilej.com\\\/\",\"name\":\"Nihilej\",\"description\":\"NIHILEJ - POETIC SPIRITS\",\"publisher\":{\"@id\":\"https:\\\/\\\/nihilej.com\\\/#organization\"},\"alternateName\":\"NIHILEJ - POETIC SPIRITS\",\"potentialAction\":[{\"@type\":\"SearchAction\",\"target\":{\"@type\":\"EntryPoint\",\"urlTemplate\":\"https:\\\/\\\/nihilej.com\\\/?s={search_term_string}\"},\"query-input\":{\"@type\":\"PropertyValueSpecification\",\"valueRequired\":true,\"valueName\":\"search_term_string\"}}],\"inLanguage\":\"en-US\"},{\"@type\":\"Organization\",\"@id\":\"https:\\\/\\\/nihilej.com\\\/#organization\",\"name\":\"Nihilej\",\"alternateName\":\"NIHILEJ - POETIC SPIRITS\",\"url\":\"https:\\\/\\\/nihilej.com\\\/\",\"logo\":{\"@type\":\"ImageObject\",\"inLanguage\":\"en-US\",\"@id\":\"https:\\\/\\\/nihilej.com\\\/#\\\/schema\\\/logo\\\/image\\\/\",\"url\":\"https:\\\/\\\/nihilej.com\\\/wp-content\\\/uploads\\\/2025\\\/09\\\/Logo-01-scaled.png\",\"contentUrl\":\"https:\\\/\\\/nihilej.com\\\/wp-content\\\/uploads\\\/2025\\\/09\\\/Logo-01-scaled.png\",\"width\":2560,\"height\":2560,\"caption\":\"Nihilej\"},\"image\":{\"@id\":\"https:\\\/\\\/nihilej.com\\\/#\\\/schema\\\/logo\\\/image\\\/\"},\"sameAs\":[\"https:\\\/\\\/www.instagram.com\\\/nihilej\\\/\"]}]}<\/script>\n<!-- \/ Yoast SEO plugin. -->","yoast_head_json":{"title":"NEPENTHE LONDON DRY GIN 700ml \/ 41.2% vol - Nihilej","description":"Smolasta ispunjnost klekom sa limunovim prelivima daje sve\u017e do\u017eivljaj uz koje uspevaju lisni spojevi da zauzmu nezaoibilazno mesto ovog \u010dina.","robots":{"index":"index","follow":"follow","max-snippet":"max-snippet:-1","max-image-preview":"max-image-preview:large","max-video-preview":"max-video-preview:-1"},"canonical":"https:\/\/nihilej.com\/en\/product\/nepenthe-london-dry-gin\/","og_locale":"en_US","og_type":"article","og_title":"NEPENTHE LONDON DRY GIN 700ml \/ 41.2% vol - Nihilej","og_description":"Smolasta ispunjnost klekom sa limunovim prelivima daje sve\u017e do\u017eivljaj uz koje uspevaju lisni spojevi da zauzmu nezaoibilazno mesto ovog \u010dina.","og_url":"https:\/\/nihilej.com\/en\/product\/nepenthe-london-dry-gin\/","og_site_name":"Nihilej","article_modified_time":"2025-09-17T05:55:53+00:00","og_image":[{"width":1080,"height":1080,"url":"https:\/\/nihilej.com\/wp-content\/uploads\/2025\/07\/nepenthe-gin-1.png","type":"image\/png"}],"twitter_card":"summary_large_image","twitter_misc":{"Est. reading time":"2 minutes"},"schema":{"@context":"https:\/\/schema.org","@graph":[{"@type":"WebPage","@id":"https:\/\/nihilej.com\/en\/product\/nepenthe-london-dry-gin\/","url":"https:\/\/nihilej.com\/en\/product\/nepenthe-london-dry-gin\/","name":"NEPENTHE LONDON DRY GIN 700ml \/ 41.2% vol - Nihilej","isPartOf":{"@id":"https:\/\/nihilej.com\/#website"},"primaryImageOfPage":{"@id":"https:\/\/nihilej.com\/en\/product\/nepenthe-london-dry-gin\/#primaryimage"},"image":{"@id":"https:\/\/nihilej.com\/en\/product\/nepenthe-london-dry-gin\/#primaryimage"},"thumbnailUrl":"https:\/\/nihilej.com\/wp-content\/uploads\/2025\/07\/nepenthe-gin-1.png","datePublished":"2025-07-28T15:32:18+00:00","dateModified":"2025-09-17T05:55:53+00:00","description":"Smolasta ispunjnost klekom sa limunovim prelivima daje sve\u017e do\u017eivljaj uz koje uspevaju lisni spojevi da zauzmu nezaoibilazno mesto ovog \u010dina.","breadcrumb":{"@id":"https:\/\/nihilej.com\/en\/product\/nepenthe-london-dry-gin\/#breadcrumb"},"inLanguage":"en-US","potentialAction":[{"@type":"ReadAction","target":["https:\/\/nihilej.com\/en\/product\/nepenthe-london-dry-gin\/"]}]},{"@type":"ImageObject","inLanguage":"en-US","@id":"https:\/\/nihilej.com\/en\/product\/nepenthe-london-dry-gin\/#primaryimage","url":"https:\/\/nihilej.com\/wp-content\/uploads\/2025\/07\/nepenthe-gin-1.png","contentUrl":"https:\/\/nihilej.com\/wp-content\/uploads\/2025\/07\/nepenthe-gin-1.png","width":1080,"height":1080},{"@type":"BreadcrumbList","@id":"https:\/\/nihilej.com\/en\/product\/nepenthe-london-dry-gin\/#breadcrumb","itemListElement":[{"@type":"ListItem","position":1,"name":"Home","item":"https:\/\/nihilej.com\/"},{"@type":"ListItem","position":2,"name":"Shop","item":"https:\/\/nihilej.com\/en\/shop\/"},{"@type":"ListItem","position":3,"name":"NEPENTHE LONDON DRY GIN 700ml \/ 41.2% vol"}]},{"@type":"WebSite","@id":"https:\/\/nihilej.com\/#website","url":"https:\/\/nihilej.com\/","name":"Nihilej","description":"NIHILEJ - POETIC SPIRITS","publisher":{"@id":"https:\/\/nihilej.com\/#organization"},"alternateName":"NIHILEJ - POETIC SPIRITS","potentialAction":[{"@type":"SearchAction","target":{"@type":"EntryPoint","urlTemplate":"https:\/\/nihilej.com\/?s={search_term_string}"},"query-input":{"@type":"PropertyValueSpecification","valueRequired":true,"valueName":"search_term_string"}}],"inLanguage":"en-US"},{"@type":"Organization","@id":"https:\/\/nihilej.com\/#organization","name":"Nihilej","alternateName":"NIHILEJ - POETIC SPIRITS","url":"https:\/\/nihilej.com\/","logo":{"@type":"ImageObject","inLanguage":"en-US","@id":"https:\/\/nihilej.com\/#\/schema\/logo\/image\/","url":"https:\/\/nihilej.com\/wp-content\/uploads\/2025\/09\/Logo-01-scaled.png","contentUrl":"https:\/\/nihilej.com\/wp-content\/uploads\/2025\/09\/Logo-01-scaled.png","width":2560,"height":2560,"caption":"Nihilej"},"image":{"@id":"https:\/\/nihilej.com\/#\/schema\/logo\/image\/"},"sameAs":["https:\/\/www.instagram.com\/nihilej\/"]}]}},"uagb_featured_image_src":{"full":["https:\/\/nihilej.com\/wp-content\/uploads\/2025\/07\/nepenthe-gin-1.png",1080,1080,false],"thumbnail":["https:\/\/nihilej.com\/wp-content\/uploads\/2025\/07\/nepenthe-gin-1-150x150.png",150,150,true],"medium":["https:\/\/nihilej.com\/wp-content\/uploads\/2025\/07\/nepenthe-gin-1-300x300.png",300,300,true],"medium_large":["https:\/\/nihilej.com\/wp-content\/uploads\/2025\/07\/nepenthe-gin-1-768x768.png",768,768,true],"large":["https:\/\/nihilej.com\/wp-content\/uploads\/2025\/07\/nepenthe-gin-1-1024x1024.png",1024,1024,true],"1536x1536":["https:\/\/nihilej.com\/wp-content\/uploads\/2025\/07\/nepenthe-gin-1.png",1080,1080,false],"2048x2048":["https:\/\/nihilej.com\/wp-content\/uploads\/2025\/07\/nepenthe-gin-1.png",1080,1080,false],"trp-custom-language-flag":["https:\/\/nihilej.com\/wp-content\/uploads\/2025\/07\/nepenthe-gin-1.png",12,12,false],"htmega_size_585x295":["https:\/\/nihilej.com\/wp-content\/uploads\/2025\/07\/nepenthe-gin-1-585x295.png",585,295,true],"htmega_size_1170x536":["https:\/\/nihilej.com\/wp-content\/uploads\/2025\/07\/nepenthe-gin-1-1080x536.png",1080,536,true],"htmega_size_396x360":["https:\/\/nihilej.com\/wp-content\/uploads\/2025\/07\/nepenthe-gin-1-396x360.png",396,360,true],"woocommerce_thumbnail":["https:\/\/nihilej.com\/wp-content\/uploads\/2025\/07\/nepenthe-gin-1-800x800.png",800,800,true],"woocommerce_single":["https:\/\/nihilej.com\/wp-content\/uploads\/2025\/07\/nepenthe-gin-1-600x600.png",600,600,true],"woocommerce_gallery_thumbnail":["https:\/\/nihilej.com\/wp-content\/uploads\/2025\/07\/nepenthe-gin-1-100x100.png",100,100,true]},"uagb_author_info":{"display_name":"admin","author_link":"https:\/\/nihilej.com\/en\/author\/"},"uagb_comment_info":0,"uagb_excerpt":"MIRIS : Smolasta ispunjnost klekom sa limunovim prelivima daje sve\u017e do\u017eivljaj uz koje uspevaju lisni spojevi da zauzmu nezaoibilazno mesto ovog \u010dina. &nbsp; UKUS : Sve\u017eina i lako\u0107a simbolizuju aristokratski karakter ovog gin-a. Osmi\u0161ljena cvetna i korenasta raspordela sastojaka projektuje dugotrajan zanos upotpunjen smolastim okvirima kleke. Dok ravnote\u017eu izme\u0111u sla\u0111ih i citrusnih tonova o\u010duvava lisnost&hellip;","jetpack_sharing_enabled":true,"_links":{"self":[{"href":"https:\/\/nihilej.com\/en\/wp-json\/wp\/v2\/product\/506","targetHints":{"allow":["GET"]}}],"collection":[{"href":"https:\/\/nihilej.com\/en\/wp-json\/wp\/v2\/product"}],"about":[{"href":"https:\/\/nihilej.com\/en\/wp-json\/wp\/v2\/types\/product"}],"wp:featuredmedia":[{"embeddable":true,"href":"https:\/\/nihilej.com\/en\/wp-json\/wp\/v2\/media\/658"}],"wp:attachment":[{"href":"https:\/\/nihilej.com\/en\/wp-json\/wp\/v2\/media?parent=506"}],"wp:term":[{"taxonomy":"product_brand","embeddable":true,"href":"https:\/\/nihilej.com\/en\/wp-json\/wp\/v2\/product_brand?post=506"},{"taxonomy":"product_cat","embeddable":true,"href":"https:\/\/nihilej.com\/en\/wp-json\/wp\/v2\/product_cat?post=506"},{"taxonomy":"product_tag","embeddable":true,"href":"https:\/\/nihilej.com\/en\/wp-json\/wp\/v2\/product_tag?post=506"}],"curies":[{"name":"wp","href":"https:\/\/api.w.org\/{rel}","templated":true}]}}