{"id":843,"date":"2026-01-26T08:34:31","date_gmt":"2026-01-26T08:34:31","guid":{"rendered":"https:\/\/nihilej.com\/?post_type=product&#038;p=843"},"modified":"2026-01-26T08:40:59","modified_gmt":"2026-01-26T08:40:59","slug":"ginovske-esecnije-zacini","status":"publish","type":"product","link":"https:\/\/nihilej.com\/en\/product\/ginovske-esecnije-zacini\/","title":{"rendered":"\"Gin Essences\" \u2013 SPICES"},"content":{"rendered":"<p>Seemingly small, these very &quot;little things&quot; you add are not merely decorations; they are the soul of<br \/>\nyour drink and your daily or nightly &quot;art&quot;\u2014whether you are serving it neat, as a G&amp;T, in a cocktail, or<br \/>\nas a mulled gin. Our HUB archive on this website awaits you like a VIP ticket to a world of authentic flavors and unexpected combinations.<br \/>\nNIHILEJ &quot;Gin Essence&quot; contains:<br \/>\n\u00b7 Juniper<br \/>\n\u00b7 Coriander seeds<br \/>\n\u00b7 Red peppercorns<br \/>\n\u00b7 A few star anises<br \/>\n\u00b7 Two cinnamon sticks<\/p>\n<p>&nbsp;<\/p>\n<div style=\"width: 1080px;\" class=\"wp-video\"><video class=\"wp-video-shortcode\" id=\"video-843-1\" width=\"1080\" height=\"1080\" preload=\"metadata\" controls=\"controls\"><source type=\"video\/mp4\" src=\"https:\/\/nihilej.com\/wp-content\/uploads\/2026\/01\/MANGATA-GIN-sastojci.mp4?_=1\" \/><a href=\"https:\/\/nihilej.com\/wp-content\/uploads\/2026\/01\/MANGATA-GIN-sastojci.mp4\">https:\/\/nihilej.com\/wp-content\/uploads\/2026\/01\/MANGATA-GIN-sastojci.mp4<\/a><\/video><\/div>\n<div style=\"width: 1080px;\" class=\"wp-video\"><video class=\"wp-video-shortcode\" id=\"video-843-2\" width=\"1080\" height=\"1080\" preload=\"metadata\" controls=\"controls\"><source type=\"video\/mp4\" src=\"https:\/\/nihilej.com\/wp-content\/uploads\/2026\/01\/LACONIC-GIN-sastojci.mp4?_=2\" \/><a href=\"https:\/\/nihilej.com\/wp-content\/uploads\/2026\/01\/LACONIC-GIN-sastojci.mp4\">https:\/\/nihilej.com\/wp-content\/uploads\/2026\/01\/LACONIC-GIN-sastojci.mp4<\/a><\/video><\/div>\n<div style=\"width: 1080px;\" class=\"wp-video\"><video class=\"wp-video-shortcode\" id=\"video-843-3\" width=\"1080\" height=\"1080\" preload=\"metadata\" controls=\"controls\"><source type=\"video\/mp4\" src=\"https:\/\/nihilej.com\/wp-content\/uploads\/2026\/01\/NEPENTHE-GIN-SASTOJCI.mp4?_=3\" \/><a href=\"https:\/\/nihilej.com\/wp-content\/uploads\/2026\/01\/NEPENTHE-GIN-SASTOJCI.mp4\">https:\/\/nihilej.com\/wp-content\/uploads\/2026\/01\/NEPENTHE-GIN-SASTOJCI.mp4<\/a><\/video><\/div>\n<p>&nbsp;<\/p>","protected":false},"excerpt":{"rendered":"<p>The \"Gin Essences\" of our garnishes and spices, combined with the rich NIHILEJ recipe, allow\nyour need for creativity to be recognized as the true calling of an artist. We want you to be an active part of our story. It is time to pause, breathe, and truly enjoy.<\/p>\n<p>&nbsp;<\/p>","protected":false},"featured_media":844,"template":"","meta":{"_gspb_post_css":"","_uag_custom_page_level_css":""},"product_brand":[],"product_cat":[24],"product_tag":[],"class_list":{"0":"post-843","1":"product","2":"type-product","3":"status-publish","4":"has-post-thumbnail","6":"product_cat-gin","8":"first","9":"instock","10":"shipping-taxable","11":"purchasable","12":"product-type-simple"},"yoast_head":"<!-- This site is optimized with the Yoast SEO plugin v27.3 - https:\/\/yoast.com\/product\/yoast-seo-wordpress\/ -->\n<title>&quot;GINOVSKE ESECNIJE&quot; - ZA\u010cINI - Nihilej<\/title>\n<meta name=\"robots\" content=\"index, follow, max-snippet:-1, max-image-preview:large, max-video-preview:-1\" \/>\n<link rel=\"canonical\" href=\"https:\/\/nihilej.com\/en\/product\/ginovske-esecnije-zacini\/\" \/>\n<meta property=\"og:locale\" content=\"en_US\" \/>\n<meta property=\"og:type\" content=\"article\" \/>\n<meta property=\"og:title\" content=\"&quot;GINOVSKE ESECNIJE&quot; - ZA\u010cINI - Nihilej\" \/>\n<meta property=\"og:description\" content=\"\u201cGinovske Esencije\u201d na\u0161ih garni\u0161a\/za\u010dina i NIHILEJ bogata receptura dozvoljavaju ti da ba\u0161 tvoja potreba za kreativno\u0161\u0107u bude prepoznata kao potreba umetnika. Mi te \u017eelimo aktivno u na\u0161oj pri\u010di. Trenutak je da se zaustavi\u0161, udahne\u0161 i u\u017eiva\u0161.  &nbsp;\" \/>\n<meta property=\"og:url\" content=\"https:\/\/nihilej.com\/en\/product\/ginovske-esecnije-zacini\/\" \/>\n<meta property=\"og:site_name\" content=\"Nihilej\" \/>\n<meta property=\"article:modified_time\" content=\"2026-01-26T08:40:59+00:00\" \/>\n<meta property=\"og:image\" content=\"https:\/\/nihilej.com\/wp-content\/uploads\/2026\/01\/1768996686671.png\" \/>\n\t<meta property=\"og:image:width\" content=\"768\" \/>\n\t<meta property=\"og:image:height\" content=\"1263\" \/>\n\t<meta property=\"og:image:type\" content=\"image\/png\" \/>\n<meta name=\"twitter:card\" content=\"summary_large_image\" \/>\n<meta name=\"twitter:label1\" content=\"Est. reading time\" \/>\n\t<meta name=\"twitter:data1\" content=\"1 minute\" \/>\n<script type=\"application\/ld+json\" class=\"yoast-schema-graph\">{\"@context\":\"https:\\\/\\\/schema.org\",\"@graph\":[{\"@type\":\"WebPage\",\"@id\":\"https:\\\/\\\/nihilej.com\\\/product\\\/ginovske-esecnije-zacini\\\/\",\"url\":\"https:\\\/\\\/nihilej.com\\\/product\\\/ginovske-esecnije-zacini\\\/\",\"name\":\"\\\"GINOVSKE ESECNIJE\\\" - ZA\u010cINI - Nihilej\",\"isPartOf\":{\"@id\":\"https:\\\/\\\/nihilej.com\\\/#website\"},\"primaryImageOfPage\":{\"@id\":\"https:\\\/\\\/nihilej.com\\\/product\\\/ginovske-esecnije-zacini\\\/#primaryimage\"},\"image\":{\"@id\":\"https:\\\/\\\/nihilej.com\\\/product\\\/ginovske-esecnije-zacini\\\/#primaryimage\"},\"thumbnailUrl\":\"https:\\\/\\\/nihilej.com\\\/wp-content\\\/uploads\\\/2026\\\/01\\\/1768996686671.png\",\"datePublished\":\"2026-01-26T08:34:31+00:00\",\"dateModified\":\"2026-01-26T08:40:59+00:00\",\"breadcrumb\":{\"@id\":\"https:\\\/\\\/nihilej.com\\\/product\\\/ginovske-esecnije-zacini\\\/#breadcrumb\"},\"inLanguage\":\"en-US\",\"potentialAction\":[{\"@type\":\"ReadAction\",\"target\":[\"https:\\\/\\\/nihilej.com\\\/product\\\/ginovske-esecnije-zacini\\\/\"]}]},{\"@type\":\"ImageObject\",\"inLanguage\":\"en-US\",\"@id\":\"https:\\\/\\\/nihilej.com\\\/product\\\/ginovske-esecnije-zacini\\\/#primaryimage\",\"url\":\"https:\\\/\\\/nihilej.com\\\/wp-content\\\/uploads\\\/2026\\\/01\\\/1768996686671.png\",\"contentUrl\":\"https:\\\/\\\/nihilej.com\\\/wp-content\\\/uploads\\\/2026\\\/01\\\/1768996686671.png\",\"width\":768,\"height\":1263},{\"@type\":\"BreadcrumbList\",\"@id\":\"https:\\\/\\\/nihilej.com\\\/product\\\/ginovske-esecnije-zacini\\\/#breadcrumb\",\"itemListElement\":[{\"@type\":\"ListItem\",\"position\":1,\"name\":\"Home\",\"item\":\"https:\\\/\\\/nihilej.com\\\/\"},{\"@type\":\"ListItem\",\"position\":2,\"name\":\"Shop\",\"item\":\"https:\\\/\\\/nihilej.com\\\/en\\\/shop\\\/\"},{\"@type\":\"ListItem\",\"position\":3,\"name\":\"&#8220;GINOVSKE ESECNIJE&#8221; &#8211; ZA\u010cINI\"}]},{\"@type\":\"WebSite\",\"@id\":\"https:\\\/\\\/nihilej.com\\\/#website\",\"url\":\"https:\\\/\\\/nihilej.com\\\/\",\"name\":\"Nihilej\",\"description\":\"NIHILEJ - POETIC SPIRITS\",\"publisher\":{\"@id\":\"https:\\\/\\\/nihilej.com\\\/#organization\"},\"alternateName\":\"NIHILEJ - POETIC SPIRITS\",\"potentialAction\":[{\"@type\":\"SearchAction\",\"target\":{\"@type\":\"EntryPoint\",\"urlTemplate\":\"https:\\\/\\\/nihilej.com\\\/?s={search_term_string}\"},\"query-input\":{\"@type\":\"PropertyValueSpecification\",\"valueRequired\":true,\"valueName\":\"search_term_string\"}}],\"inLanguage\":\"en-US\"},{\"@type\":\"Organization\",\"@id\":\"https:\\\/\\\/nihilej.com\\\/#organization\",\"name\":\"Nihilej\",\"alternateName\":\"NIHILEJ - POETIC SPIRITS\",\"url\":\"https:\\\/\\\/nihilej.com\\\/\",\"logo\":{\"@type\":\"ImageObject\",\"inLanguage\":\"en-US\",\"@id\":\"https:\\\/\\\/nihilej.com\\\/#\\\/schema\\\/logo\\\/image\\\/\",\"url\":\"https:\\\/\\\/nihilej.com\\\/wp-content\\\/uploads\\\/2025\\\/09\\\/Logo-01-scaled.png\",\"contentUrl\":\"https:\\\/\\\/nihilej.com\\\/wp-content\\\/uploads\\\/2025\\\/09\\\/Logo-01-scaled.png\",\"width\":2560,\"height\":2560,\"caption\":\"Nihilej\"},\"image\":{\"@id\":\"https:\\\/\\\/nihilej.com\\\/#\\\/schema\\\/logo\\\/image\\\/\"},\"sameAs\":[\"https:\\\/\\\/www.instagram.com\\\/nihilej\\\/\"]}]}<\/script>\n<!-- \/ Yoast SEO plugin. -->","yoast_head_json":{"title":"\"GINOVSKE ESECNIJE\" - ZA\u010cINI - Nihilej","robots":{"index":"index","follow":"follow","max-snippet":"max-snippet:-1","max-image-preview":"max-image-preview:large","max-video-preview":"max-video-preview:-1"},"canonical":"https:\/\/nihilej.com\/en\/product\/ginovske-esecnije-zacini\/","og_locale":"en_US","og_type":"article","og_title":"\"GINOVSKE ESECNIJE\" - ZA\u010cINI - Nihilej","og_description":"\u201cGinovske Esencije\u201d na\u0161ih garni\u0161a\/za\u010dina i NIHILEJ bogata receptura dozvoljavaju ti da ba\u0161 tvoja potreba za kreativno\u0161\u0107u bude prepoznata kao potreba umetnika. Mi te \u017eelimo aktivno u na\u0161oj pri\u010di. Trenutak je da se zaustavi\u0161, udahne\u0161 i u\u017eiva\u0161.  &nbsp;","og_url":"https:\/\/nihilej.com\/en\/product\/ginovske-esecnije-zacini\/","og_site_name":"Nihilej","article_modified_time":"2026-01-26T08:40:59+00:00","og_image":[{"width":768,"height":1263,"url":"https:\/\/nihilej.com\/wp-content\/uploads\/2026\/01\/1768996686671.png","type":"image\/png"}],"twitter_card":"summary_large_image","twitter_misc":{"Est. reading time":"1 minute"},"schema":{"@context":"https:\/\/schema.org","@graph":[{"@type":"WebPage","@id":"https:\/\/nihilej.com\/product\/ginovske-esecnije-zacini\/","url":"https:\/\/nihilej.com\/product\/ginovske-esecnije-zacini\/","name":"\"GINOVSKE ESECNIJE\" - ZA\u010cINI - Nihilej","isPartOf":{"@id":"https:\/\/nihilej.com\/#website"},"primaryImageOfPage":{"@id":"https:\/\/nihilej.com\/product\/ginovske-esecnije-zacini\/#primaryimage"},"image":{"@id":"https:\/\/nihilej.com\/product\/ginovske-esecnije-zacini\/#primaryimage"},"thumbnailUrl":"https:\/\/nihilej.com\/wp-content\/uploads\/2026\/01\/1768996686671.png","datePublished":"2026-01-26T08:34:31+00:00","dateModified":"2026-01-26T08:40:59+00:00","breadcrumb":{"@id":"https:\/\/nihilej.com\/product\/ginovske-esecnije-zacini\/#breadcrumb"},"inLanguage":"en-US","potentialAction":[{"@type":"ReadAction","target":["https:\/\/nihilej.com\/product\/ginovske-esecnije-zacini\/"]}]},{"@type":"ImageObject","inLanguage":"en-US","@id":"https:\/\/nihilej.com\/product\/ginovske-esecnije-zacini\/#primaryimage","url":"https:\/\/nihilej.com\/wp-content\/uploads\/2026\/01\/1768996686671.png","contentUrl":"https:\/\/nihilej.com\/wp-content\/uploads\/2026\/01\/1768996686671.png","width":768,"height":1263},{"@type":"BreadcrumbList","@id":"https:\/\/nihilej.com\/product\/ginovske-esecnije-zacini\/#breadcrumb","itemListElement":[{"@type":"ListItem","position":1,"name":"Home","item":"https:\/\/nihilej.com\/"},{"@type":"ListItem","position":2,"name":"Shop","item":"https:\/\/nihilej.com\/en\/shop\/"},{"@type":"ListItem","position":3,"name":"&#8220;GINOVSKE ESECNIJE&#8221; &#8211; ZA\u010cINI"}]},{"@type":"WebSite","@id":"https:\/\/nihilej.com\/#website","url":"https:\/\/nihilej.com\/","name":"Nihilej","description":"NIHILEJ - POETIC SPIRITS","publisher":{"@id":"https:\/\/nihilej.com\/#organization"},"alternateName":"NIHILEJ - POETIC SPIRITS","potentialAction":[{"@type":"SearchAction","target":{"@type":"EntryPoint","urlTemplate":"https:\/\/nihilej.com\/?s={search_term_string}"},"query-input":{"@type":"PropertyValueSpecification","valueRequired":true,"valueName":"search_term_string"}}],"inLanguage":"en-US"},{"@type":"Organization","@id":"https:\/\/nihilej.com\/#organization","name":"Nihilej","alternateName":"NIHILEJ - POETIC SPIRITS","url":"https:\/\/nihilej.com\/","logo":{"@type":"ImageObject","inLanguage":"en-US","@id":"https:\/\/nihilej.com\/#\/schema\/logo\/image\/","url":"https:\/\/nihilej.com\/wp-content\/uploads\/2025\/09\/Logo-01-scaled.png","contentUrl":"https:\/\/nihilej.com\/wp-content\/uploads\/2025\/09\/Logo-01-scaled.png","width":2560,"height":2560,"caption":"Nihilej"},"image":{"@id":"https:\/\/nihilej.com\/#\/schema\/logo\/image\/"},"sameAs":["https:\/\/www.instagram.com\/nihilej\/"]}]}},"uagb_featured_image_src":{"full":["https:\/\/nihilej.com\/wp-content\/uploads\/2026\/01\/1768996686671.png",768,1263,false],"thumbnail":["https:\/\/nihilej.com\/wp-content\/uploads\/2026\/01\/1768996686671-150x150.png",150,150,true],"medium":["https:\/\/nihilej.com\/wp-content\/uploads\/2026\/01\/1768996686671-182x300.png",182,300,true],"medium_large":["https:\/\/nihilej.com\/wp-content\/uploads\/2026\/01\/1768996686671.png",768,1263,false],"large":["https:\/\/nihilej.com\/wp-content\/uploads\/2026\/01\/1768996686671-623x1024.png",623,1024,true],"1536x1536":["https:\/\/nihilej.com\/wp-content\/uploads\/2026\/01\/1768996686671.png",768,1263,false],"2048x2048":["https:\/\/nihilej.com\/wp-content\/uploads\/2026\/01\/1768996686671.png",768,1263,false],"trp-custom-language-flag":["https:\/\/nihilej.com\/wp-content\/uploads\/2026\/01\/1768996686671-7x12.png",7,12,true],"htmega_size_585x295":["https:\/\/nihilej.com\/wp-content\/uploads\/2026\/01\/1768996686671-585x295.png",585,295,true],"htmega_size_1170x536":["https:\/\/nihilej.com\/wp-content\/uploads\/2026\/01\/1768996686671-768x536.png",768,536,true],"htmega_size_396x360":["https:\/\/nihilej.com\/wp-content\/uploads\/2026\/01\/1768996686671-396x360.png",396,360,true],"woocommerce_thumbnail":["https:\/\/nihilej.com\/wp-content\/uploads\/2026\/01\/1768996686671-768x800.png",768,800,true],"woocommerce_single":["https:\/\/nihilej.com\/wp-content\/uploads\/2026\/01\/1768996686671-600x987.png",600,987,true],"woocommerce_gallery_thumbnail":["https:\/\/nihilej.com\/wp-content\/uploads\/2026\/01\/1768996686671-100x100.png",100,100,true]},"uagb_author_info":{"display_name":"admin","author_link":"https:\/\/nihilej.com\/en\/author\/"},"uagb_comment_info":0,"uagb_excerpt":"\u201cGinovske Esencije\u201d na\u0161ih garni\u0161a\/za\u010dina i NIHILEJ bogata receptura dozvoljavaju ti da ba\u0161 tvoja potreba za kreativno\u0161\u0107u bude prepoznata kao potreba umetnika. Mi te \u017eelimo aktivno u na\u0161oj pri\u010di. Trenutak je da se zaustavi\u0161, udahne\u0161 i u\u017eiva\u0161. &nbsp;","jetpack_sharing_enabled":true,"_links":{"self":[{"href":"https:\/\/nihilej.com\/en\/wp-json\/wp\/v2\/product\/843","targetHints":{"allow":["GET"]}}],"collection":[{"href":"https:\/\/nihilej.com\/en\/wp-json\/wp\/v2\/product"}],"about":[{"href":"https:\/\/nihilej.com\/en\/wp-json\/wp\/v2\/types\/product"}],"wp:featuredmedia":[{"embeddable":true,"href":"https:\/\/nihilej.com\/en\/wp-json\/wp\/v2\/media\/844"}],"wp:attachment":[{"href":"https:\/\/nihilej.com\/en\/wp-json\/wp\/v2\/media?parent=843"}],"wp:term":[{"taxonomy":"product_brand","embeddable":true,"href":"https:\/\/nihilej.com\/en\/wp-json\/wp\/v2\/product_brand?post=843"},{"taxonomy":"product_cat","embeddable":true,"href":"https:\/\/nihilej.com\/en\/wp-json\/wp\/v2\/product_cat?post=843"},{"taxonomy":"product_tag","embeddable":true,"href":"https:\/\/nihilej.com\/en\/wp-json\/wp\/v2\/product_tag?post=843"}],"curies":[{"name":"wp","href":"https:\/\/api.w.org\/{rel}","templated":true}]}}