{"id":326,"date":"2025-07-26T09:25:46","date_gmt":"2025-07-26T09:25:46","guid":{"rendered":"https:\/\/nihilej.com\/?page_id=326"},"modified":"2025-07-28T11:59:08","modified_gmt":"2025-07-28T11:59:08","slug":"pravila-o-zastiti-maloletnika","status":"publish","type":"page","link":"https:\/\/nihilej.com\/sr\/pravila-o-zastiti-maloletnika\/","title":{"rendered":"Pravila o za\u0161titi maloletnika"},"content":{"rendered":"\n<ol class=\"wp-block-list\">\n<li class=\"has-small-font-size\"><strong><em>Zabrana prodaje alkohola maloletnim licima<br><\/em><\/strong>U skladu sa zakonima Republike Srbije, prodaja i isporuka alkoholnih pi\u0107a licima mla\u0111im od<br>18 godina je zabranjena.<br>Kori\u0161\u0107enjem ovog sajta potvr\u0111ujete da imate najmanje 18 godina.<\/li>\n\n\n\n<li class=\"has-small-font-size\" style=\"margin-top:var(--wp--preset--spacing--20);margin-bottom:var(--wp--preset--spacing--20)\"><strong><em>Provera punoletstva<br><\/em><\/strong>Pre isporuke kurirska slu\u017eba ima pravo (i obavezu) da zatra\u017ei li\u010dni dokument radi provere<br>starosti primaoca.<br>Ukoliko primalac ne mo\u017ee da doka\u017ee punoletstvo, isporuka se ne\u0107e izvr\u0161iti, a porud\u017ebina \u0107e biti<br>stornirana.<\/li>\n\n\n\n<li class=\"has-small-font-size\"><strong><em>Dru\u0161tvena odgovornost<br><\/em><\/strong>Kompanija NIHILEJ DOO posve\u0107ena je odgovornoj promociji i konzumaciji alkoholnih pi\u0107a i<br>ne promovi\u0161e, ne podr\u017eava niti omogu\u0107ava bilo kakvo naru\u0161avanje zakona u vezi sa<br>maloletnicima.<\/li>\n<\/ol>\n","protected":false},"excerpt":{"rendered":"","protected":false},"author":1,"featured_media":0,"parent":0,"menu_order":0,"comment_status":"closed","ping_status":"closed","template":"pravila-o-zastiti-maloletnika","meta":{"_gspb_post_css":"","_uag_custom_page_level_css":"","_advanced_animation_props":"{\"animations\":{\"fade-in\":{\"id\":\"fade-in\",\"name\":\"fade in\",\"keyframes\":{\"0%\":{\"transform\":{},\"opacity\":\"0%\"},\"100%\":{\"transform\":{},\"opacity\":\"100%\"}}},\"fade-in-left\":{\"id\":\"fade-in-left\",\"name\":\"fade in left\",\"keyframes\":{\"0%\":{\"transform\":{\"translateX\":\"50px\"},\"opacity\":\"0%\"},\"100%\":{\"transform\":{\"translateX\":\"0px\"},\"opacity\":\"100%\"}}},\"fade-in-right\":{\"id\":\"fade-in-right\",\"name\":\"fade in right\",\"keyframes\":{\"0%\":{\"transform\":{\"translateX\":\"-50px\"},\"opacity\":\"0%\"},\"100%\":{\"transform\":{\"translateX\":\"0px\"},\"opacity\":\"100%\"}}},\"fade-in-top\":{\"id\":\"fade-in-top\",\"name\":\"fade in top\",\"keyframes\":{\"0%\":{\"transform\":{\"translateY\":\"50px\"},\"opacity\":\"0%\"},\"100%\":{\"transform\":{\"translateY\":\"0px\"},\"opacity\":\"100%\"}}},\"fade-in-down\":{\"id\":\"fade-in-down\",\"name\":\"fade in down\",\"keyframes\":{\"0%\":{\"transform\":{\"translateY\":\"-50px\"},\"opacity\":\"0%\"},\"100%\":{\"transform\":{\"translateY\":\"0px\"},\"opacity\":\"100%\"}}},\"zoom-in\":{\"id\":\"zoom-in\",\"name\":\"zoom in\",\"keyframes\":{\"0%\":{\"transform\":{\"scale\":\"70%\"},\"opacity\":\"0%\"},\"100%\":{\"transform\":{\"scale\":\"100%\"},\"opacity\":\"100%\"}}},\"zoom-out\":{\"id\":\"zoom-out\",\"name\":\"zoom out\",\"keyframes\":{\"0%\":{\"transform\":{\"scale\":\"130%\"},\"opacity\":\"0%\"},\"100%\":{\"transform\":{\"scale\":\"100%\"},\"opacity\":\"100%\"}}},\"scale-up\":{\"id\":\"scale-up\",\"name\":\"scale up\",\"keyframes\":{\"0%\":{\"transform\":{\"scale\":\"100%\"}},\"100%\":{\"transform\":{\"scale\":\"120%\"}}}},\"scale-down\":{\"id\":\"scale-down\",\"name\":\"scale down\",\"keyframes\":{\"0%\":{\"transform\":{\"scale\":\"100%\"}},\"100%\":{\"transform\":{\"scale\":\"80%\"}}}},\"clip-from-left\":{\"id\":\"clip-from-left\",\"name\":\"reveal from left\",\"keyframes\":{\"0%\":{\"clip-path\":\"inset(0% 100% 0% 0%)\"},\"100%\":{\"clip-path\":\"inset(0% 0% 0% 0%)\"}}},\"clip-from-right\":{\"id\":\"clip-from-right\",\"name\":\"reveal from right\",\"keyframes\":{\"0%\":{\"clip-path\":\"inset(0% 0% 0% 100%)\"},\"100%\":{\"clip-path\":\"inset(0% 0% 0% 0%)\"}}},\"clip-from-top\":{\"id\":\"clip-from-top\",\"name\":\"reveal from top\",\"keyframes\":{\"0%\":{\"clip-path\":\"inset(0% 0% 100% 0%)\"},\"100%\":{\"clip-path\":\"inset(0% 0% 0% 0%)\"}}},\"clip-from-bottom\":{\"id\":\"clip-from-bottom\",\"name\":\"reveal from bottom\",\"keyframes\":{\"0%\":{\"clip-path\":\"inset(100% 0% 0% 0%)\"},\"100%\":{\"clip-path\":\"inset(0% 0% 0% 0%)\"}}},\"text-rotate-intro\":{\"id\":\"text-rotate-intro\",\"name\":\"text rotate intro\",\"keyframes\":{\"0%\":{\"transform\":{\"rotate\":\"-10deg\",\"rotateX\":\"75deg\",\"rotateY\":\"0deg\"},\"opacity\":\"0%\"},\"100%\":{\"transform\":{\"rotate\":\"0deg\",\"rotateX\":\"0deg\",\"rotateY\":\"0deg\"},\"opacity\":\"100%\"}}},\"zoom-rotate\":{\"id\":\"zoom-rotate\",\"name\":\"zoom rotate\",\"keyframes\":{\"0%\":{\"transform\":{\"rotate\":\"180deg\",\"scale\":\"50%\"},\"opacity\":\"0%\"},\"100%\":{\"transform\":{\"rotate\":\"0deg\",\"scale\":\"100%\"},\"opacity\":\"100%\"}}},\"move-up\":{\"id\":\"move-up\",\"name\":\"move up\",\"keyframes\":{\"0%\":{\"transform\":{\"translateY\":\"100%\"}},\"100%\":{\"transform\":{\"translateY\":\"0%\"}}}},\"move-down\":{\"id\":\"move-down\",\"name\":\"move down\",\"keyframes\":{\"0%\":{\"transform\":{\"translateY\":\"-100-%\"}},\"100%\":{\"transform\":{\"translateY\":\"0%\"}}}},\"video-app-intro\":{\"id\":\"video-app-intro\",\"name\":\"video app intro\",\"keyframes\":{\"0%\":{\"transform\":{\"translateX\":\"-300px\",\"scale\":\"300%\",\"rotate\":\"90deg\"}},\"50%\":{\"transform\":{\"translateX\":\"-300px\",\"scale\":\"100%\",\"rotate\":\"0deg\"}},\"100%\":{\"transform\":{\"translateX\":\"0px\",\"scale\":\"100%\",\"rotate\":\"0deg\"}}}}},\"settings\":{}}","_advanced_custom_css":"","footnotes":""},"class_list":["post-326","page","type-page","status-publish","hentry"],"yoast_head":"<!-- This site is optimized with the Yoast SEO plugin v27.3 - https:\/\/yoast.com\/product\/yoast-seo-wordpress\/ -->\n<title>Pravila o za\u0161titi maloletnika - Nihilej<\/title>\n<meta name=\"description\" content=\"Nihilej gin slu\u017ei svojstvenu esencijalnost botani\u010dke kompleksnosti, izdovjenu u razli\u010ditoj osnovi, pripremi, i tehnologiji destilovanja. Smatram da svaka odabrana kap ima potrebu da jo\u0161 jednom osvedo\u010di bogatstvom, sada u zadatku nove forme koju zahteva Nihilej savremeni gin.\" \/>\n<meta name=\"robots\" content=\"index, follow, max-snippet:-1, max-image-preview:large, max-video-preview:-1\" \/>\n<link rel=\"canonical\" href=\"https:\/\/nihilej.com\/sr\/pravila-o-zastiti-maloletnika\/\" \/>\n<meta property=\"og:locale\" content=\"sr_RS\" \/>\n<meta property=\"og:type\" content=\"article\" \/>\n<meta property=\"og:title\" content=\"Pravila o za\u0161titi maloletnika - Nihilej\" \/>\n<meta property=\"og:description\" content=\"Nihilej gin slu\u017ei svojstvenu esencijalnost botani\u010dke kompleksnosti, izdovjenu u razli\u010ditoj osnovi, pripremi, i tehnologiji destilovanja. Smatram da svaka odabrana kap ima potrebu da jo\u0161 jednom osvedo\u010di bogatstvom, sada u zadatku nove forme koju zahteva Nihilej savremeni gin.\" \/>\n<meta property=\"og:url\" content=\"https:\/\/nihilej.com\/sr\/pravila-o-zastiti-maloletnika\/\" \/>\n<meta property=\"og:site_name\" content=\"Nihilej\" \/>\n<meta property=\"article:modified_time\" content=\"2025-07-28T11:59:08+00:00\" \/>\n<meta property=\"og:image\" content=\"https:\/\/nihilej.com\/wp-content\/uploads\/2025\/09\/Logo_samo-naziv-04.png\" \/>\n\t<meta property=\"og:image:width\" content=\"2302\" \/>\n\t<meta property=\"og:image:height\" content=\"1131\" \/>\n\t<meta property=\"og:image:type\" content=\"image\/png\" \/>\n<meta name=\"twitter:card\" content=\"summary_large_image\" \/>\n<meta name=\"twitter:label1\" content=\"\u041f\u0440\u043e\u0446\u0435\u045a\u0435\u043d\u043e \u0432\u0440\u0435\u043c\u0435 \u0447\u0438\u0442\u0430\u045a\u0430\" \/>\n\t<meta name=\"twitter:data1\" content=\"1 \u043c\u0438\u043d\u0443\u0442\" \/>\n<script type=\"application\/ld+json\" class=\"yoast-schema-graph\">{\"@context\":\"https:\\\/\\\/schema.org\",\"@graph\":[{\"@type\":\"WebPage\",\"@id\":\"https:\\\/\\\/nihilej.com\\\/pravila-o-zastiti-maloletnika\\\/\",\"url\":\"https:\\\/\\\/nihilej.com\\\/pravila-o-zastiti-maloletnika\\\/\",\"name\":\"Pravila o za\u0161titi maloletnika - Nihilej\",\"isPartOf\":{\"@id\":\"https:\\\/\\\/nihilej.com\\\/#website\"},\"datePublished\":\"2025-07-26T09:25:46+00:00\",\"dateModified\":\"2025-07-28T11:59:08+00:00\",\"description\":\"Nihilej gin slu\u017ei svojstvenu esencijalnost botani\u010dke kompleksnosti, izdovjenu u razli\u010ditoj osnovi, pripremi, i tehnologiji destilovanja. Smatram da svaka odabrana kap ima potrebu da jo\u0161 jednom osvedo\u010di bogatstvom, sada u zadatku nove forme koju zahteva Nihilej savremeni gin.\",\"breadcrumb\":{\"@id\":\"https:\\\/\\\/nihilej.com\\\/pravila-o-zastiti-maloletnika\\\/#breadcrumb\"},\"inLanguage\":\"sr-RS\",\"potentialAction\":[{\"@type\":\"ReadAction\",\"target\":[\"https:\\\/\\\/nihilej.com\\\/pravila-o-zastiti-maloletnika\\\/\"]}]},{\"@type\":\"BreadcrumbList\",\"@id\":\"https:\\\/\\\/nihilej.com\\\/pravila-o-zastiti-maloletnika\\\/#breadcrumb\",\"itemListElement\":[{\"@type\":\"ListItem\",\"position\":1,\"name\":\"Home\",\"item\":\"https:\\\/\\\/nihilej.com\\\/\"},{\"@type\":\"ListItem\",\"position\":2,\"name\":\"Pravila o za\u0161titi maloletnika\"}]},{\"@type\":\"WebSite\",\"@id\":\"https:\\\/\\\/nihilej.com\\\/#website\",\"url\":\"https:\\\/\\\/nihilej.com\\\/\",\"name\":\"Nihilej\",\"description\":\"NIHILEJ - POETIC SPIRITS\",\"publisher\":{\"@id\":\"https:\\\/\\\/nihilej.com\\\/#organization\"},\"alternateName\":\"NIHILEJ - POETIC SPIRITS\",\"potentialAction\":[{\"@type\":\"SearchAction\",\"target\":{\"@type\":\"EntryPoint\",\"urlTemplate\":\"https:\\\/\\\/nihilej.com\\\/?s={search_term_string}\"},\"query-input\":{\"@type\":\"PropertyValueSpecification\",\"valueRequired\":true,\"valueName\":\"search_term_string\"}}],\"inLanguage\":\"sr-RS\"},{\"@type\":\"Organization\",\"@id\":\"https:\\\/\\\/nihilej.com\\\/#organization\",\"name\":\"Nihilej\",\"alternateName\":\"NIHILEJ - POETIC SPIRITS\",\"url\":\"https:\\\/\\\/nihilej.com\\\/\",\"logo\":{\"@type\":\"ImageObject\",\"inLanguage\":\"sr-RS\",\"@id\":\"https:\\\/\\\/nihilej.com\\\/#\\\/schema\\\/logo\\\/image\\\/\",\"url\":\"https:\\\/\\\/nihilej.com\\\/wp-content\\\/uploads\\\/2025\\\/09\\\/Logo-01-scaled.png\",\"contentUrl\":\"https:\\\/\\\/nihilej.com\\\/wp-content\\\/uploads\\\/2025\\\/09\\\/Logo-01-scaled.png\",\"width\":2560,\"height\":2560,\"caption\":\"Nihilej\"},\"image\":{\"@id\":\"https:\\\/\\\/nihilej.com\\\/#\\\/schema\\\/logo\\\/image\\\/\"},\"sameAs\":[\"https:\\\/\\\/www.instagram.com\\\/nihilej\\\/\"]}]}<\/script>\n<!-- \/ Yoast SEO plugin. -->","yoast_head_json":{"title":"Pravila o za\u0161titi maloletnika - Nihilej","description":"Nihilej gin slu\u017ei svojstvenu esencijalnost botani\u010dke kompleksnosti, izdovjenu u razli\u010ditoj osnovi, pripremi, i tehnologiji destilovanja. Smatram da svaka odabrana kap ima potrebu da jo\u0161 jednom osvedo\u010di bogatstvom, sada u zadatku nove forme koju zahteva Nihilej savremeni gin.","robots":{"index":"index","follow":"follow","max-snippet":"max-snippet:-1","max-image-preview":"max-image-preview:large","max-video-preview":"max-video-preview:-1"},"canonical":"https:\/\/nihilej.com\/sr\/pravila-o-zastiti-maloletnika\/","og_locale":"sr_RS","og_type":"article","og_title":"Pravila o za\u0161titi maloletnika - Nihilej","og_description":"Nihilej gin slu\u017ei svojstvenu esencijalnost botani\u010dke kompleksnosti, izdovjenu u razli\u010ditoj osnovi, pripremi, i tehnologiji destilovanja. Smatram da svaka odabrana kap ima potrebu da jo\u0161 jednom osvedo\u010di bogatstvom, sada u zadatku nove forme koju zahteva Nihilej savremeni gin.","og_url":"https:\/\/nihilej.com\/sr\/pravila-o-zastiti-maloletnika\/","og_site_name":"Nihilej","article_modified_time":"2025-07-28T11:59:08+00:00","og_image":[{"width":2302,"height":1131,"url":"https:\/\/nihilej.com\/wp-content\/uploads\/2025\/09\/Logo_samo-naziv-04.png","type":"image\/png"}],"twitter_card":"summary_large_image","twitter_misc":{"\u041f\u0440\u043e\u0446\u0435\u045a\u0435\u043d\u043e \u0432\u0440\u0435\u043c\u0435 \u0447\u0438\u0442\u0430\u045a\u0430":"1 \u043c\u0438\u043d\u0443\u0442"},"schema":{"@context":"https:\/\/schema.org","@graph":[{"@type":"WebPage","@id":"https:\/\/nihilej.com\/pravila-o-zastiti-maloletnika\/","url":"https:\/\/nihilej.com\/pravila-o-zastiti-maloletnika\/","name":"Pravila o za\u0161titi maloletnika - Nihilej","isPartOf":{"@id":"https:\/\/nihilej.com\/#website"},"datePublished":"2025-07-26T09:25:46+00:00","dateModified":"2025-07-28T11:59:08+00:00","description":"Nihilej gin slu\u017ei svojstvenu esencijalnost botani\u010dke kompleksnosti, izdovjenu u razli\u010ditoj osnovi, pripremi, i tehnologiji destilovanja. Smatram da svaka odabrana kap ima potrebu da jo\u0161 jednom osvedo\u010di bogatstvom, sada u zadatku nove forme koju zahteva Nihilej savremeni gin.","breadcrumb":{"@id":"https:\/\/nihilej.com\/pravila-o-zastiti-maloletnika\/#breadcrumb"},"inLanguage":"sr-RS","potentialAction":[{"@type":"ReadAction","target":["https:\/\/nihilej.com\/pravila-o-zastiti-maloletnika\/"]}]},{"@type":"BreadcrumbList","@id":"https:\/\/nihilej.com\/pravila-o-zastiti-maloletnika\/#breadcrumb","itemListElement":[{"@type":"ListItem","position":1,"name":"Home","item":"https:\/\/nihilej.com\/"},{"@type":"ListItem","position":2,"name":"Pravila o za\u0161titi maloletnika"}]},{"@type":"WebSite","@id":"https:\/\/nihilej.com\/#website","url":"https:\/\/nihilej.com\/","name":"Nihilej","description":"NIHILEJ - POETIC SPIRITS","publisher":{"@id":"https:\/\/nihilej.com\/#organization"},"alternateName":"NIHILEJ - POETIC SPIRITS","potentialAction":[{"@type":"SearchAction","target":{"@type":"EntryPoint","urlTemplate":"https:\/\/nihilej.com\/?s={search_term_string}"},"query-input":{"@type":"PropertyValueSpecification","valueRequired":true,"valueName":"search_term_string"}}],"inLanguage":"sr-RS"},{"@type":"Organization","@id":"https:\/\/nihilej.com\/#organization","name":"Nihilej","alternateName":"NIHILEJ - POETIC SPIRITS","url":"https:\/\/nihilej.com\/","logo":{"@type":"ImageObject","inLanguage":"sr-RS","@id":"https:\/\/nihilej.com\/#\/schema\/logo\/image\/","url":"https:\/\/nihilej.com\/wp-content\/uploads\/2025\/09\/Logo-01-scaled.png","contentUrl":"https:\/\/nihilej.com\/wp-content\/uploads\/2025\/09\/Logo-01-scaled.png","width":2560,"height":2560,"caption":"Nihilej"},"image":{"@id":"https:\/\/nihilej.com\/#\/schema\/logo\/image\/"},"sameAs":["https:\/\/www.instagram.com\/nihilej\/"]}]}},"uagb_featured_image_src":{"full":false,"thumbnail":false,"medium":false,"medium_large":false,"large":false,"1536x1536":false,"2048x2048":false,"trp-custom-language-flag":false,"htmega_size_585x295":false,"htmega_size_1170x536":false,"htmega_size_396x360":false,"woocommerce_thumbnail":false,"woocommerce_single":false,"woocommerce_gallery_thumbnail":false},"uagb_author_info":{"display_name":"admin","author_link":"https:\/\/nihilej.com\/sr\/author\/nihilej\/"},"uagb_comment_info":0,"uagb_excerpt":null,"jetpack_sharing_enabled":true,"_links":{"self":[{"href":"https:\/\/nihilej.com\/sr\/wp-json\/wp\/v2\/pages\/326","targetHints":{"allow":["GET"]}}],"collection":[{"href":"https:\/\/nihilej.com\/sr\/wp-json\/wp\/v2\/pages"}],"about":[{"href":"https:\/\/nihilej.com\/sr\/wp-json\/wp\/v2\/types\/page"}],"author":[{"embeddable":true,"href":"https:\/\/nihilej.com\/sr\/wp-json\/wp\/v2\/users\/1"}],"replies":[{"embeddable":true,"href":"https:\/\/nihilej.com\/sr\/wp-json\/wp\/v2\/comments?post=326"}],"version-history":[{"count":2,"href":"https:\/\/nihilej.com\/sr\/wp-json\/wp\/v2\/pages\/326\/revisions"}],"predecessor-version":[{"id":395,"href":"https:\/\/nihilej.com\/sr\/wp-json\/wp\/v2\/pages\/326\/revisions\/395"}],"wp:attachment":[{"href":"https:\/\/nihilej.com\/sr\/wp-json\/wp\/v2\/media?parent=326"}],"curies":[{"name":"wp","href":"https:\/\/api.w.org\/{rel}","templated":true}]}}